{"id":15681,"date":"2024-05-06T14:47:48","date_gmt":"2024-05-06T11:47:48","guid":{"rendered":"https:\/\/ferrore.com.tr\/?page_id=15681"},"modified":"2024-05-07T17:22:11","modified_gmt":"2024-05-07T14:22:11","slug":"pig-irons","status":"publish","type":"page","link":"https:\/\/ferrore.com.tr\/fr\/pig-irons\/","title":{"rendered":"Fers \u00e0 cochon"},"content":{"rendered":"\t\t<div data-elementor-type=\"wp-page\" data-elementor-id=\"15681\" class=\"elementor elementor-15681\" data-elementor-post-type=\"page\">\n\t\t\t\t<div class=\"wd-negative-gap elementor-element elementor-element-5f8677b7 e-flex e-con-boxed e-con e-parent\" data-id=\"5f8677b7\" data-element_type=\"container\" data-e-type=\"container\">\n\t\t\t\t\t<div class=\"e-con-inner\">\n\t\t<div class=\"elementor-element elementor-element-7957e0c8 e-con-full elementor-hidden-tablet elementor-hidden-mobile e-flex e-con e-child\" data-id=\"7957e0c8\" data-element_type=\"container\" data-e-type=\"container\">\n\t\t\t\t<div class=\"elementor-element elementor-element-4cb65dfd elementor-widget elementor-widget-wd_text_block\" data-id=\"4cb65dfd\" data-element_type=\"widget\" data-e-type=\"widget\" data-settings=\"{&quot;sticky&quot;:&quot;top&quot;,&quot;sticky_offset&quot;:70,&quot;sticky_on&quot;:[&quot;desktop&quot;,&quot;tablet&quot;,&quot;mobile&quot;],&quot;sticky_effects_offset&quot;:0,&quot;sticky_anchor_link_offset&quot;:0}\" data-widget_type=\"wd_text_block.default\">\n\t\t\t\t<div class=\"elementor-widget-container\">\n\t\t\t\t\t\t\t<div class=\"wd-text-block reset-last-child text-left color-title color-scheme-dark\">\n\t\t\t\n\t\t\t<p><strong>T\u00dcM \u00dcR\u00dcNLER<\/strong><\/p>\n\t\t\t\t\t<\/div>\n\t\t\t\t\t\t<\/div>\n\t\t\t\t<\/div>\n\t\t\t\t<div class=\"elementor-element elementor-element-d7eba20 elementor-widget elementor-widget-shortcode\" data-id=\"d7eba20\" data-element_type=\"widget\" data-e-type=\"widget\" data-settings=\"{&quot;sticky&quot;:&quot;top&quot;,&quot;sticky_offset&quot;:120,&quot;sticky_on&quot;:[&quot;desktop&quot;,&quot;tablet&quot;,&quot;mobile&quot;],&quot;sticky_effects_offset&quot;:0,&quot;sticky_anchor_link_offset&quot;:0}\" data-widget_type=\"shortcode.default\">\n\t\t\t\t<div class=\"elementor-widget-container\">\n\t\t\t\t\t\t\t<div class=\"elementor-shortcode\">\t\t\t<link rel=\"stylesheet\" id=\"elementor-post-15500-css\" href=\"https:\/\/ferrore.com.tr\/wp-content\/uploads\/elementor\/css\/post-15500.css?ver=1776718109\" type=\"text\/css\" media=\"all\">\n\t\t\t\t\t<div data-elementor-type=\"wp-post\" data-elementor-id=\"15500\" class=\"elementor elementor-15500\" data-elementor-post-type=\"cms_block\">\n\t\t\t\t<div class=\"wd-negative-gap elementor-element elementor-element-3dd79d9 e-flex e-con-boxed e-con e-parent\" data-id=\"3dd79d9\" data-element_type=\"container\" data-e-type=\"container\">\n\t\t\t\t\t<div class=\"e-con-inner\">\n\t\t\t\t<div class=\"elementor-element elementor-element-14a3462 elementor-nav-menu--dropdown-tablet elementor-nav-menu__text-align-aside elementor-widget elementor-widget-nav-menu\" data-id=\"14a3462\" data-element_type=\"widget\" data-e-type=\"widget\" data-settings=\"{&quot;layout&quot;:&quot;vertical&quot;,&quot;submenu_icon&quot;:{&quot;value&quot;:&quot;&lt;svg aria-hidden=\\&quot;true\\&quot; class=\\&quot;e-font-icon-svg e-fas-caret-down\\&quot; viewBox=\\&quot;0 0 320 512\\&quot; xmlns=\\&quot;http:\\\/\\\/www.w3.org\\\/2000\\\/svg\\&quot;&gt;&lt;path d=\\&quot;M31.3 192h257.3c17.8 0 26.7 21.5 14.1 34.1L174.1 354.8c-7.8 7.8-20.5 7.8-28.3 0L17.2 226.1C4.6 213.5 13.5 192 31.3 192z\\&quot;&gt;&lt;\\\/path&gt;&lt;\\\/svg&gt;&quot;,&quot;library&quot;:&quot;fa-solid&quot;}}\" data-widget_type=\"nav-menu.default\">\n\t\t\t\t<div class=\"elementor-widget-container\">\n\t\t\t\t\t\t\t\t<nav aria-label=\"Menu\" class=\"elementor-nav-menu--main elementor-nav-menu__container elementor-nav-menu--layout-vertical e--pointer-background e--animation-fade\">\n\t\t\t\t<ul id=\"menu-1-14a3462\" class=\"elementor-nav-menu sm-vertical\"><li class=\"menu-item menu-item-type-post_type menu-item-object-page menu-item-15723\"><a href=\"https:\/\/ferrore.com.tr\/fr\/pig-irons\/\" class=\"elementor-item\">Pig Irons<\/a><\/li>\n<li class=\"menu-item menu-item-type-post_type menu-item-object-page menu-item-15715\"><a href=\"https:\/\/ferrore.com.tr\/fr\/aluminum-ingots\/\" class=\"elementor-item\">Aluminum Ingots<\/a><\/li>\n<li class=\"menu-item menu-item-type-post_type menu-item-object-page menu-item-15719\"><a href=\"https:\/\/ferrore.com.tr\/fr\/ferro-alloys\/\" class=\"elementor-item\">Ferro Alloys<\/a><\/li>\n<li class=\"menu-item menu-item-type-post_type menu-item-object-page menu-item-15716\"><a href=\"https:\/\/ferrore.com.tr\/fr\/carbon-products\/\" class=\"elementor-item\">Carbon Products<\/a><\/li>\n<li class=\"menu-item menu-item-type-post_type menu-item-object-page menu-item-15726\"><a href=\"https:\/\/ferrore.com.tr\/fr\/sand-blast-steel-shot\/\" class=\"elementor-item\">Sand Blast \/ Steel Shot<\/a><\/li>\n<li class=\"menu-item menu-item-type-post_type menu-item-object-page menu-item-15728\"><a href=\"https:\/\/ferrore.com.tr\/fr\/steel-products\/\" class=\"elementor-item\">Steel Products<\/a><\/li>\n<li class=\"menu-item menu-item-type-post_type menu-item-object-page menu-item-15720\"><a href=\"https:\/\/ferrore.com.tr\/fr\/foam-filters\/\" class=\"elementor-item\">Foam Filters<\/a><\/li>\n<li class=\"menu-item menu-item-type-post_type menu-item-object-page menu-item-15722\"><a href=\"https:\/\/ferrore.com.tr\/fr\/mini-feeder-features\/\" class=\"elementor-item\">Mini Feeder Features<\/a><\/li>\n<li class=\"menu-item menu-item-type-post_type menu-item-object-page menu-item-15725\"><a href=\"https:\/\/ferrore.com.tr\/fr\/resins\/\" class=\"elementor-item\">Resins<\/a><\/li>\n<li class=\"menu-item menu-item-type-post_type menu-item-object-page menu-item-15727\"><a href=\"https:\/\/ferrore.com.tr\/fr\/shell-sands\/\" class=\"elementor-item\">Shell Sands<\/a><\/li>\n<li class=\"menu-item menu-item-type-post_type menu-item-object-page menu-item-16317\"><a href=\"https:\/\/ferrore.com.tr\/fr\/relined-lead\/\" class=\"elementor-item\">Relined Lead 99.985% PB minimum<\/a><\/li>\n<\/ul>\t\t\t<\/nav>\n\t\t\t\t\t\t<nav class=\"elementor-nav-menu--dropdown elementor-nav-menu__container\" aria-hidden=\"true\">\n\t\t\t\t<ul id=\"menu-2-14a3462\" class=\"elementor-nav-menu sm-vertical\"><li class=\"menu-item menu-item-type-post_type menu-item-object-page menu-item-15723\"><a href=\"https:\/\/ferrore.com.tr\/fr\/pig-irons\/\" class=\"elementor-item\" tabindex=\"-1\">Pig Irons<\/a><\/li>\n<li class=\"menu-item menu-item-type-post_type menu-item-object-page menu-item-15715\"><a href=\"https:\/\/ferrore.com.tr\/fr\/aluminum-ingots\/\" class=\"elementor-item\" tabindex=\"-1\">Aluminum Ingots<\/a><\/li>\n<li class=\"menu-item menu-item-type-post_type menu-item-object-page menu-item-15719\"><a href=\"https:\/\/ferrore.com.tr\/fr\/ferro-alloys\/\" class=\"elementor-item\" tabindex=\"-1\">Ferro Alloys<\/a><\/li>\n<li class=\"menu-item menu-item-type-post_type menu-item-object-page menu-item-15716\"><a href=\"https:\/\/ferrore.com.tr\/fr\/carbon-products\/\" class=\"elementor-item\" tabindex=\"-1\">Carbon Products<\/a><\/li>\n<li class=\"menu-item menu-item-type-post_type menu-item-object-page menu-item-15726\"><a href=\"https:\/\/ferrore.com.tr\/fr\/sand-blast-steel-shot\/\" class=\"elementor-item\" tabindex=\"-1\">Sand Blast \/ Steel Shot<\/a><\/li>\n<li class=\"menu-item menu-item-type-post_type menu-item-object-page menu-item-15728\"><a href=\"https:\/\/ferrore.com.tr\/fr\/steel-products\/\" class=\"elementor-item\" tabindex=\"-1\">Steel Products<\/a><\/li>\n<li class=\"menu-item menu-item-type-post_type menu-item-object-page menu-item-15720\"><a href=\"https:\/\/ferrore.com.tr\/fr\/foam-filters\/\" class=\"elementor-item\" tabindex=\"-1\">Foam Filters<\/a><\/li>\n<li class=\"menu-item menu-item-type-post_type menu-item-object-page menu-item-15722\"><a href=\"https:\/\/ferrore.com.tr\/fr\/mini-feeder-features\/\" class=\"elementor-item\" tabindex=\"-1\">Mini Feeder Features<\/a><\/li>\n<li class=\"menu-item menu-item-type-post_type menu-item-object-page menu-item-15725\"><a href=\"https:\/\/ferrore.com.tr\/fr\/resins\/\" class=\"elementor-item\" tabindex=\"-1\">Resins<\/a><\/li>\n<li class=\"menu-item menu-item-type-post_type menu-item-object-page menu-item-15727\"><a href=\"https:\/\/ferrore.com.tr\/fr\/shell-sands\/\" class=\"elementor-item\" tabindex=\"-1\">Shell Sands<\/a><\/li>\n<li class=\"menu-item menu-item-type-post_type menu-item-object-page menu-item-16317\"><a href=\"https:\/\/ferrore.com.tr\/fr\/relined-lead\/\" class=\"elementor-item\" tabindex=\"-1\">Relined Lead 99.985% PB minimum<\/a><\/li>\n<\/ul>\t\t\t<\/nav>\n\t\t\t\t\t\t<\/div>\n\t\t\t\t<\/div>\n\t\t\t\t\t<\/div>\n\t\t\t\t<\/div>\n\t\t\t\t<\/div>\n\t\t<\/div>\n\t\t\t\t\t\t<\/div>\n\t\t\t\t<\/div>\n\t\t\t\t<\/div>\n\t\t<div class=\"elementor-element elementor-element-68dbe19b e-con-full e-flex e-con e-child\" data-id=\"68dbe19b\" data-element_type=\"container\" data-e-type=\"container\">\n\t\t\t\t<div class=\"elementor-element elementor-element-17215b34 elementor-widget elementor-widget-image\" data-id=\"17215b34\" data-element_type=\"widget\" data-e-type=\"widget\" data-widget_type=\"image.default\">\n\t\t\t\t<div class=\"elementor-widget-container\">\n\t\t\t\t\t\t\t\t\t\t\t\t\t\t\t<img loading=\"lazy\" decoding=\"async\" width=\"1300\" height=\"491\" src=\"https:\/\/ferrore.com.tr\/wp-content\/uploads\/2024\/05\/Pig-iron-2-1300x491.jpg\" class=\"attachment-large size-large wp-image-16244\" alt=\"\" srcset=\"https:\/\/ferrore.com.tr\/wp-content\/uploads\/2024\/05\/Pig-iron-2-1300x491.jpg 1300w, https:\/\/ferrore.com.tr\/wp-content\/uploads\/2024\/05\/Pig-iron-2-400x151.jpg 400w, https:\/\/ferrore.com.tr\/wp-content\/uploads\/2024\/05\/Pig-iron-2-768x290.jpg 768w, https:\/\/ferrore.com.tr\/wp-content\/uploads\/2024\/05\/Pig-iron-2-18x7.jpg 18w, https:\/\/ferrore.com.tr\/wp-content\/uploads\/2024\/05\/Pig-iron-2.jpg 1500w\" sizes=\"auto, (max-width: 1300px) 100vw, 1300px\" \/>\t\t\t\t\t\t\t\t\t\t\t\t\t\t\t<\/div>\n\t\t\t\t<\/div>\n\t\t<a class=\"elementor-element elementor-element-12be7265 e-con-full e-flex e-con e-child\" data-id=\"12be7265\" data-element_type=\"container\" data-e-type=\"container\">\n\t\t\t\t<div class=\"elementor-element elementor-element-3c1dd73e elementor-widget elementor-widget-image\" data-id=\"3c1dd73e\" data-element_type=\"widget\" data-e-type=\"widget\" data-widget_type=\"image.default\">\n\t\t\t\t<div class=\"elementor-widget-container\">\n\t\t\t\t\t\t\t\t\t\t\t\t\t\t\t<img loading=\"lazy\" decoding=\"async\" width=\"150\" height=\"150\" src=\"https:\/\/ferrore.com.tr\/wp-content\/uploads\/2024\/05\/pdf-icon-150x150.png\" class=\"attachment-thumbnail size-thumbnail wp-image-15786\" alt=\"\" srcset=\"https:\/\/ferrore.com.tr\/wp-content\/uploads\/2024\/05\/pdf-icon-150x150.png 150w, https:\/\/ferrore.com.tr\/wp-content\/uploads\/2024\/05\/pdf-icon-300x300.png 300w, https:\/\/ferrore.com.tr\/wp-content\/uploads\/2024\/05\/pdf-icon-800x800.png 800w, https:\/\/ferrore.com.tr\/wp-content\/uploads\/2024\/05\/pdf-icon-768x768.png 768w, https:\/\/ferrore.com.tr\/wp-content\/uploads\/2024\/05\/elementor\/thumbs\/pdf-icon-qnrpygnxvpgjle5ppjpkuc64rjd1xc670yl81hqoc0.png 120w, https:\/\/ferrore.com.tr\/wp-content\/uploads\/2024\/05\/pdf-icon.png 1024w\" sizes=\"auto, (max-width: 150px) 100vw, 150px\" \/>\t\t\t\t\t\t\t\t\t\t\t\t\t\t\t<\/div>\n\t\t\t\t<\/div>\n\t\t\t\t<div class=\"elementor-element elementor-element-a13a529 elementor-widget elementor-widget-wd_text_block\" data-id=\"a13a529\" data-element_type=\"widget\" data-e-type=\"widget\" data-widget_type=\"wd_text_block.default\">\n\t\t\t\t<div class=\"elementor-widget-container\">\n\t\t\t\t\t\t\t<div class=\"wd-text-block reset-last-child text-center\">\n\t\t\t\n\t\t\t<p>Click here to download product PDF file<\/p>\n\t\t\t\t\t<\/div>\n\t\t\t\t\t\t<\/div>\n\t\t\t\t<\/div>\n\t\t\t\t<\/a>\n\t\t\t\t<div class=\"elementor-element elementor-element-3ef1ae69 color-scheme-inherit text-left elementor-widget elementor-widget-text-editor\" data-id=\"3ef1ae69\" data-element_type=\"widget\" data-e-type=\"widget\" data-widget_type=\"text-editor.default\">\n\t\t\t\t<div class=\"elementor-widget-container\">\n\t\t\t\t\t\t\t\t\t<h3><strong>Pig Irons: The Foundation of Foundry Excellence<\/strong><\/h3><p>In the realm of foundry operations, the significance of raw materials cannot be overstated, and Pig Irons stand as the cornerstone of this domain. Derived from the smelting of iron ore, Pig Irons serve as the primary input for a wide array of casting processes, contributing to the creation of diverse metal components utilized across industries worldwide.<\/p><h3><strong>Unrivaled Versatility and Quality<\/strong><\/h3><p>Pig Irons exhibit unparalleled versatility, catering to the demanding requirements of various foundry applications. Renowned for their high carbon content, Pig Irons offer exceptional fluidity and moldability, facilitating the precise casting of intricate shapes and structures. Furthermore, stringent quality control measures ensure that Pig Irons meet stringent industry standards, guaranteeing the integrity and consistency of the final cast products.<\/p><h4><strong>Optimized Performance and Efficiency<\/strong><\/h4><p>The exceptional metallurgical properties of Pig Irons translate into optimized performance and efficiency throughout the casting process. Their high carbon content enhances the molten metal&#8217;s ability to absorb impurities, resulting in superior metal purity and reduced casting defects. Additionally, Pig Irons exhibit excellent heat retention properties, enabling foundries to achieve precise temperature control and minimize energy consumption during the melting and casting stages.<\/p><h4><strong>Diverse Industrial Applications<\/strong><\/h4><p>Pig Irons find extensive applications across a diverse range of industries, serving as the foundational material for the production of countless metal components. In the automotive sector, Pig Irons are utilized in the manufacturing of engine blocks, transmission housings, and brake components, owing to their exceptional strength and machinability. Similarly, in the construction industry, Pig Irons contribute to the fabrication of structural beams, columns, and other load-bearing elements, ensuring the durability and reliability of built structures.<\/p><h4><strong>Sustainable and Eco-Friendly Solutions<\/strong><\/h4><p>As advocates for sustainability, Pig Iron manufacturers prioritize eco-friendly production practices and resource conservation. Utilizing advanced smelting technologies and recycled scrap materials, Pig Iron production minimizes environmental impact while maximizing resource efficiency. Furthermore, the recyclability of Pig Irons further underscores their eco-friendly credentials, promoting a circular economy and reducing the reliance on finite natural resources.<\/p>\t\t\t\t\t\t\t\t<\/div>\n\t\t\t\t<\/div>\n\t\t\t\t<div class=\"elementor-element elementor-element-5814e136 elementor-widget elementor-widget-spacer\" data-id=\"5814e136\" data-element_type=\"widget\" data-e-type=\"widget\" data-widget_type=\"spacer.default\">\n\t\t\t\t<div class=\"elementor-widget-container\">\n\t\t\t\t\t\t\t<div class=\"elementor-spacer\">\n\t\t\t<div class=\"elementor-spacer-inner\"><\/div>\n\t\t<\/div>\n\t\t\t\t\t\t<\/div>\n\t\t\t\t<\/div>\n\t\t<div class=\"elementor-element elementor-element-1dd4445f e-con-full e-flex e-con e-child\" data-id=\"1dd4445f\" data-element_type=\"container\" data-e-type=\"container\">\n\t\t<div class=\"elementor-element elementor-element-2cb33a61 e-con-full e-flex e-con e-child\" data-id=\"2cb33a61\" data-element_type=\"container\" data-e-type=\"container\">\n\t\t\t\t<div class=\"elementor-element elementor-element-745ed037 color-scheme-inherit text-left elementor-widget elementor-widget-text-editor\" data-id=\"745ed037\" data-element_type=\"widget\" data-e-type=\"widget\" data-widget_type=\"text-editor.default\">\n\t\t\t\t<div class=\"elementor-widget-container\">\n\t\t\t\t\t\t\t\t\t<h5><strong>Conclusion<\/strong><\/h5><p>In summary, Pig Irons represent the epitome of excellence in foundry raw materials, offering unmatched versatility, quality, and performance across diverse industrial applications. With their exceptional metallurgical properties and sustainability credentials, Pig Irons empower foundries to achieve unparalleled levels of precision, efficiency, and environmental responsibility in their casting operations. As the foundation of foundry excellence, Pig Irons continue to drive innovation and advancement in the manufacturing landscape, shaping the world around us one cast component at a time.<\/p>\t\t\t\t\t\t\t\t<\/div>\n\t\t\t\t<\/div>\n\t\t\t\t<\/div>\n\t\t\t\t<\/div>\n\t\t\t\t<\/div>\n\t\t\t\t\t<\/div>\n\t\t\t\t<\/div>\n\t\t\t\t<\/div>\n\t\t","protected":false},"excerpt":{"rendered":"<p>T\u00dcM \u00dcR\u00dcNLER Cliquez ici pour t\u00e9l\u00e9charger le fichier PDF du produit Pig Irons : Le fondement de l'excellence en fonderie Dans le domaine de l'industrie de la fonderie, les fers \u00e0 cochon sont un \u00e9l\u00e9ment essentiel de l'excellence.<\/p>","protected":false},"author":1,"featured_media":0,"parent":0,"menu_order":0,"comment_status":"closed","ping_status":"closed","template":"elementor_theme","meta":{"_themeisle_gutenberg_block_has_review":false,"footnotes":""},"class_list":["post-15681","page","type-page","status-publish","hentry"],"yoast_head":"<!-- This site is optimized with the Yoast SEO plugin v27.1.1 - https:\/\/yoast.com\/product\/yoast-seo-wordpress\/ -->\n<title>Pig Irons - FERRORE METALLURGY<\/title>\n<meta name=\"robots\" content=\"index, follow, max-snippet:-1, max-image-preview:large, max-video-preview:-1\" \/>\n<link rel=\"canonical\" href=\"https:\/\/ferrore.com.tr\/fr\/pig-irons\/\" \/>\n<meta property=\"og:locale\" content=\"fr_FR\" \/>\n<meta property=\"og:type\" content=\"article\" \/>\n<meta property=\"og:title\" content=\"Pig Irons - FERRORE METALLURGY\" \/>\n<meta property=\"og:description\" content=\"T\u00dcM \u00dcR\u00dcNLER Click here to download product PDF file Pig Irons: The Foundation of Foundry Excellence In the realm of\" \/>\n<meta property=\"og:url\" content=\"https:\/\/ferrore.com.tr\/fr\/pig-irons\/\" \/>\n<meta property=\"og:site_name\" content=\"FERRORE METALLURGY\" \/>\n<meta property=\"article:modified_time\" content=\"2024-05-07T14:22:11+00:00\" \/>\n<meta property=\"og:image\" content=\"https:\/\/ferrore.com.tr\/wp-content\/uploads\/2024\/05\/Pig-iron-2-1300x491.jpg\" \/>\n<meta name=\"twitter:card\" content=\"summary_large_image\" \/>\n<meta name=\"twitter:label1\" content=\"Dur\u00e9e de lecture estim\u00e9e\" \/>\n\t<meta name=\"twitter:data1\" content=\"3 minutes\" \/>\n<script type=\"application\/ld+json\" class=\"yoast-schema-graph\">{\"@context\":\"https:\/\/schema.org\",\"@graph\":[{\"@type\":\"WebPage\",\"@id\":\"https:\/\/ferrore.com.tr\/pig-irons\/\",\"url\":\"https:\/\/ferrore.com.tr\/pig-irons\/\",\"name\":\"Pig Irons - FERRORE METALLURGY\",\"isPartOf\":{\"@id\":\"https:\/\/ferrore.com.tr\/#website\"},\"primaryImageOfPage\":{\"@id\":\"https:\/\/ferrore.com.tr\/pig-irons\/#primaryimage\"},\"image\":{\"@id\":\"https:\/\/ferrore.com.tr\/pig-irons\/#primaryimage\"},\"thumbnailUrl\":\"https:\/\/ferrore.com.tr\/wp-content\/uploads\/2024\/05\/Pig-iron-2-1300x491.jpg\",\"datePublished\":\"2024-05-06T11:47:48+00:00\",\"dateModified\":\"2024-05-07T14:22:11+00:00\",\"breadcrumb\":{\"@id\":\"https:\/\/ferrore.com.tr\/pig-irons\/#breadcrumb\"},\"inLanguage\":\"fr-FR\",\"potentialAction\":[{\"@type\":\"ReadAction\",\"target\":[\"https:\/\/ferrore.com.tr\/pig-irons\/\"]}]},{\"@type\":\"ImageObject\",\"inLanguage\":\"fr-FR\",\"@id\":\"https:\/\/ferrore.com.tr\/pig-irons\/#primaryimage\",\"url\":\"https:\/\/ferrore.com.tr\/wp-content\/uploads\/2024\/05\/Pig-iron-2-1300x491.jpg\",\"contentUrl\":\"https:\/\/ferrore.com.tr\/wp-content\/uploads\/2024\/05\/Pig-iron-2-1300x491.jpg\"},{\"@type\":\"BreadcrumbList\",\"@id\":\"https:\/\/ferrore.com.tr\/pig-irons\/#breadcrumb\",\"itemListElement\":[{\"@type\":\"ListItem\",\"position\":1,\"name\":\"Anasayfa\",\"item\":\"https:\/\/ferrore.com.tr\/\"},{\"@type\":\"ListItem\",\"position\":2,\"name\":\"Pig Irons\"}]},{\"@type\":\"WebSite\",\"@id\":\"https:\/\/ferrore.com.tr\/#website\",\"url\":\"https:\/\/ferrore.com.tr\/\",\"name\":\"FERRORE METALLURGY\",\"description\":\"\",\"publisher\":{\"@id\":\"https:\/\/ferrore.com.tr\/#organization\"},\"potentialAction\":[{\"@type\":\"SearchAction\",\"target\":{\"@type\":\"EntryPoint\",\"urlTemplate\":\"https:\/\/ferrore.com.tr\/?s={search_term_string}\"},\"query-input\":{\"@type\":\"PropertyValueSpecification\",\"valueRequired\":true,\"valueName\":\"search_term_string\"}}],\"inLanguage\":\"fr-FR\"},{\"@type\":\"Organization\",\"@id\":\"https:\/\/ferrore.com.tr\/#organization\",\"name\":\"FERRORE METALLURGY\",\"url\":\"https:\/\/ferrore.com.tr\/\",\"logo\":{\"@type\":\"ImageObject\",\"inLanguage\":\"fr-FR\",\"@id\":\"https:\/\/ferrore.com.tr\/#\/schema\/logo\/image\/\",\"url\":\"https:\/\/ferrore.com.tr\/wp-content\/uploads\/2024\/05\/logo-orjinal.png\",\"contentUrl\":\"https:\/\/ferrore.com.tr\/wp-content\/uploads\/2024\/05\/logo-orjinal.png\",\"width\":1000,\"height\":307,\"caption\":\"FERRORE METALLURGY\"},\"image\":{\"@id\":\"https:\/\/ferrore.com.tr\/#\/schema\/logo\/image\/\"}}]}<\/script>\n<!-- \/ Yoast SEO plugin. -->","yoast_head_json":{"title":"Fers \u00e0 repasser - FERRORE METALLURGY","robots":{"index":"index","follow":"follow","max-snippet":"max-snippet:-1","max-image-preview":"max-image-preview:large","max-video-preview":"max-video-preview:-1"},"canonical":"https:\/\/ferrore.com.tr\/fr\/pig-irons\/","og_locale":"fr_FR","og_type":"article","og_title":"Pig Irons - FERRORE METALLURGY","og_description":"T\u00dcM \u00dcR\u00dcNLER Click here to download product PDF file Pig Irons: The Foundation of Foundry Excellence In the realm of","og_url":"https:\/\/ferrore.com.tr\/fr\/pig-irons\/","og_site_name":"FERRORE METALLURGY","article_modified_time":"2024-05-07T14:22:11+00:00","og_image":[{"url":"https:\/\/ferrore.com.tr\/wp-content\/uploads\/2024\/05\/Pig-iron-2-1300x491.jpg","type":"","width":"","height":""}],"twitter_card":"summary_large_image","twitter_misc":{"Dur\u00e9e de lecture estim\u00e9e":"3 minutes"},"schema":{"@context":"https:\/\/schema.org","@graph":[{"@type":"WebPage","@id":"https:\/\/ferrore.com.tr\/pig-irons\/","url":"https:\/\/ferrore.com.tr\/pig-irons\/","name":"Fers \u00e0 repasser - FERRORE METALLURGY","isPartOf":{"@id":"https:\/\/ferrore.com.tr\/#website"},"primaryImageOfPage":{"@id":"https:\/\/ferrore.com.tr\/pig-irons\/#primaryimage"},"image":{"@id":"https:\/\/ferrore.com.tr\/pig-irons\/#primaryimage"},"thumbnailUrl":"https:\/\/ferrore.com.tr\/wp-content\/uploads\/2024\/05\/Pig-iron-2-1300x491.jpg","datePublished":"2024-05-06T11:47:48+00:00","dateModified":"2024-05-07T14:22:11+00:00","breadcrumb":{"@id":"https:\/\/ferrore.com.tr\/pig-irons\/#breadcrumb"},"inLanguage":"fr-FR","potentialAction":[{"@type":"ReadAction","target":["https:\/\/ferrore.com.tr\/pig-irons\/"]}]},{"@type":"ImageObject","inLanguage":"fr-FR","@id":"https:\/\/ferrore.com.tr\/pig-irons\/#primaryimage","url":"https:\/\/ferrore.com.tr\/wp-content\/uploads\/2024\/05\/Pig-iron-2-1300x491.jpg","contentUrl":"https:\/\/ferrore.com.tr\/wp-content\/uploads\/2024\/05\/Pig-iron-2-1300x491.jpg"},{"@type":"BreadcrumbList","@id":"https:\/\/ferrore.com.tr\/pig-irons\/#breadcrumb","itemListElement":[{"@type":"ListItem","position":1,"name":"Anasayfa","item":"https:\/\/ferrore.com.tr\/"},{"@type":"ListItem","position":2,"name":"Pig Irons"}]},{"@type":"WebSite","@id":"https:\/\/ferrore.com.tr\/#website","url":"https:\/\/ferrore.com.tr\/","name":"FERRORE M\u00c9TALLURGIE","description":"","publisher":{"@id":"https:\/\/ferrore.com.tr\/#organization"},"potentialAction":[{"@type":"SearchAction","target":{"@type":"EntryPoint","urlTemplate":"https:\/\/ferrore.com.tr\/?s={search_term_string}"},"query-input":{"@type":"PropertyValueSpecification","valueRequired":true,"valueName":"search_term_string"}}],"inLanguage":"fr-FR"},{"@type":"Organization","@id":"https:\/\/ferrore.com.tr\/#organization","name":"FERRORE M\u00c9TALLURGIE","url":"https:\/\/ferrore.com.tr\/","logo":{"@type":"ImageObject","inLanguage":"fr-FR","@id":"https:\/\/ferrore.com.tr\/#\/schema\/logo\/image\/","url":"https:\/\/ferrore.com.tr\/wp-content\/uploads\/2024\/05\/logo-orjinal.png","contentUrl":"https:\/\/ferrore.com.tr\/wp-content\/uploads\/2024\/05\/logo-orjinal.png","width":1000,"height":307,"caption":"FERRORE METALLURGY"},"image":{"@id":"https:\/\/ferrore.com.tr\/#\/schema\/logo\/image\/"}}]}},"_links":{"self":[{"href":"https:\/\/ferrore.com.tr\/fr\/wp-json\/wp\/v2\/pages\/15681","targetHints":{"allow":["GET"]}}],"collection":[{"href":"https:\/\/ferrore.com.tr\/fr\/wp-json\/wp\/v2\/pages"}],"about":[{"href":"https:\/\/ferrore.com.tr\/fr\/wp-json\/wp\/v2\/types\/page"}],"author":[{"embeddable":true,"href":"https:\/\/ferrore.com.tr\/fr\/wp-json\/wp\/v2\/users\/1"}],"replies":[{"embeddable":true,"href":"https:\/\/ferrore.com.tr\/fr\/wp-json\/wp\/v2\/comments?post=15681"}],"version-history":[{"count":31,"href":"https:\/\/ferrore.com.tr\/fr\/wp-json\/wp\/v2\/pages\/15681\/revisions"}],"predecessor-version":[{"id":16269,"href":"https:\/\/ferrore.com.tr\/fr\/wp-json\/wp\/v2\/pages\/15681\/revisions\/16269"}],"wp:attachment":[{"href":"https:\/\/ferrore.com.tr\/fr\/wp-json\/wp\/v2\/media?parent=15681"}],"curies":[{"name":"wp","href":"https:\/\/api.w.org\/{rel}","templated":true}]}}