{"id":15683,"date":"2024-05-06T14:47:48","date_gmt":"2024-05-06T11:47:48","guid":{"rendered":"https:\/\/ferrore.com.tr\/?page_id=15683"},"modified":"2024-05-07T17:20:15","modified_gmt":"2024-05-07T14:20:15","slug":"ferro-alloys","status":"publish","type":"page","link":"https:\/\/ferrore.com.tr\/fr\/ferro-alloys\/","title":{"rendered":"Ferro-alliages"},"content":{"rendered":"\t\t<div data-elementor-type=\"wp-page\" data-elementor-id=\"15683\" class=\"elementor elementor-15683\" data-elementor-post-type=\"page\">\n\t\t\t\t<div class=\"wd-negative-gap elementor-element elementor-element-71f2ed0f e-flex e-con-boxed e-con e-parent\" data-id=\"71f2ed0f\" data-element_type=\"container\" data-e-type=\"container\">\n\t\t\t\t\t<div class=\"e-con-inner\">\n\t\t<div class=\"elementor-element elementor-element-6302d85d e-con-full elementor-hidden-tablet elementor-hidden-mobile e-flex e-con e-child\" data-id=\"6302d85d\" data-element_type=\"container\" data-e-type=\"container\">\n\t\t\t\t<div class=\"elementor-element elementor-element-42ecd787 elementor-widget elementor-widget-wd_text_block\" data-id=\"42ecd787\" data-element_type=\"widget\" data-e-type=\"widget\" data-settings=\"{&quot;sticky&quot;:&quot;top&quot;,&quot;sticky_offset&quot;:70,&quot;sticky_on&quot;:[&quot;desktop&quot;,&quot;tablet&quot;,&quot;mobile&quot;],&quot;sticky_effects_offset&quot;:0,&quot;sticky_anchor_link_offset&quot;:0}\" data-widget_type=\"wd_text_block.default\">\n\t\t\t\t<div class=\"elementor-widget-container\">\n\t\t\t\t\t\t\t<div class=\"wd-text-block reset-last-child text-left color-title color-scheme-dark\">\n\t\t\t\n\t\t\t<p><strong>T\u00dcM \u00dcR\u00dcNLER<\/strong><\/p>\n\t\t\t\t\t<\/div>\n\t\t\t\t\t\t<\/div>\n\t\t\t\t<\/div>\n\t\t\t\t<div class=\"elementor-element elementor-element-b6f249b elementor-widget elementor-widget-shortcode\" data-id=\"b6f249b\" data-element_type=\"widget\" data-e-type=\"widget\" data-settings=\"{&quot;sticky&quot;:&quot;top&quot;,&quot;sticky_offset&quot;:120,&quot;sticky_on&quot;:[&quot;desktop&quot;,&quot;tablet&quot;,&quot;mobile&quot;],&quot;sticky_effects_offset&quot;:0,&quot;sticky_anchor_link_offset&quot;:0}\" data-widget_type=\"shortcode.default\">\n\t\t\t\t<div class=\"elementor-widget-container\">\n\t\t\t\t\t\t\t<div class=\"elementor-shortcode\">\t\t\t<link rel=\"stylesheet\" id=\"elementor-post-15500-css\" href=\"https:\/\/ferrore.com.tr\/wp-content\/uploads\/elementor\/css\/post-15500.css?ver=1776718109\" type=\"text\/css\" media=\"all\">\n\t\t\t\t\t<div data-elementor-type=\"wp-post\" data-elementor-id=\"15500\" class=\"elementor elementor-15500\" data-elementor-post-type=\"cms_block\">\n\t\t\t\t<div class=\"wd-negative-gap elementor-element elementor-element-3dd79d9 e-flex e-con-boxed e-con e-parent\" data-id=\"3dd79d9\" data-element_type=\"container\" data-e-type=\"container\">\n\t\t\t\t\t<div class=\"e-con-inner\">\n\t\t\t\t<div class=\"elementor-element elementor-element-14a3462 elementor-nav-menu--dropdown-tablet elementor-nav-menu__text-align-aside elementor-widget elementor-widget-nav-menu\" data-id=\"14a3462\" data-element_type=\"widget\" data-e-type=\"widget\" data-settings=\"{&quot;layout&quot;:&quot;vertical&quot;,&quot;submenu_icon&quot;:{&quot;value&quot;:&quot;&lt;svg aria-hidden=\\&quot;true\\&quot; class=\\&quot;e-font-icon-svg e-fas-caret-down\\&quot; viewBox=\\&quot;0 0 320 512\\&quot; xmlns=\\&quot;http:\\\/\\\/www.w3.org\\\/2000\\\/svg\\&quot;&gt;&lt;path d=\\&quot;M31.3 192h257.3c17.8 0 26.7 21.5 14.1 34.1L174.1 354.8c-7.8 7.8-20.5 7.8-28.3 0L17.2 226.1C4.6 213.5 13.5 192 31.3 192z\\&quot;&gt;&lt;\\\/path&gt;&lt;\\\/svg&gt;&quot;,&quot;library&quot;:&quot;fa-solid&quot;}}\" data-widget_type=\"nav-menu.default\">\n\t\t\t\t<div class=\"elementor-widget-container\">\n\t\t\t\t\t\t\t\t<nav aria-label=\"Menu\" class=\"elementor-nav-menu--main elementor-nav-menu__container elementor-nav-menu--layout-vertical e--pointer-background e--animation-fade\">\n\t\t\t\t<ul id=\"menu-1-14a3462\" class=\"elementor-nav-menu sm-vertical\"><li class=\"menu-item menu-item-type-post_type menu-item-object-page menu-item-15723\"><a href=\"https:\/\/ferrore.com.tr\/fr\/pig-irons\/\" class=\"elementor-item\">Pig Irons<\/a><\/li>\n<li class=\"menu-item menu-item-type-post_type menu-item-object-page menu-item-15715\"><a href=\"https:\/\/ferrore.com.tr\/fr\/aluminum-ingots\/\" class=\"elementor-item\">Aluminum Ingots<\/a><\/li>\n<li class=\"menu-item menu-item-type-post_type menu-item-object-page menu-item-15719\"><a href=\"https:\/\/ferrore.com.tr\/fr\/ferro-alloys\/\" class=\"elementor-item\">Ferro Alloys<\/a><\/li>\n<li class=\"menu-item menu-item-type-post_type menu-item-object-page menu-item-15716\"><a href=\"https:\/\/ferrore.com.tr\/fr\/carbon-products\/\" class=\"elementor-item\">Carbon Products<\/a><\/li>\n<li class=\"menu-item menu-item-type-post_type menu-item-object-page menu-item-15726\"><a href=\"https:\/\/ferrore.com.tr\/fr\/sand-blast-steel-shot\/\" class=\"elementor-item\">Sand Blast \/ Steel Shot<\/a><\/li>\n<li class=\"menu-item menu-item-type-post_type menu-item-object-page menu-item-15728\"><a href=\"https:\/\/ferrore.com.tr\/fr\/steel-products\/\" class=\"elementor-item\">Steel Products<\/a><\/li>\n<li class=\"menu-item menu-item-type-post_type menu-item-object-page menu-item-15720\"><a href=\"https:\/\/ferrore.com.tr\/fr\/foam-filters\/\" class=\"elementor-item\">Foam Filters<\/a><\/li>\n<li class=\"menu-item menu-item-type-post_type menu-item-object-page menu-item-15722\"><a href=\"https:\/\/ferrore.com.tr\/fr\/mini-feeder-features\/\" class=\"elementor-item\">Mini Feeder Features<\/a><\/li>\n<li class=\"menu-item menu-item-type-post_type menu-item-object-page menu-item-15725\"><a href=\"https:\/\/ferrore.com.tr\/fr\/resins\/\" class=\"elementor-item\">Resins<\/a><\/li>\n<li class=\"menu-item menu-item-type-post_type menu-item-object-page menu-item-15727\"><a href=\"https:\/\/ferrore.com.tr\/fr\/shell-sands\/\" class=\"elementor-item\">Shell Sands<\/a><\/li>\n<li class=\"menu-item menu-item-type-post_type menu-item-object-page menu-item-16317\"><a href=\"https:\/\/ferrore.com.tr\/fr\/relined-lead\/\" class=\"elementor-item\">Relined Lead 99.985% PB minimum<\/a><\/li>\n<\/ul>\t\t\t<\/nav>\n\t\t\t\t\t\t<nav class=\"elementor-nav-menu--dropdown elementor-nav-menu__container\" aria-hidden=\"true\">\n\t\t\t\t<ul id=\"menu-2-14a3462\" class=\"elementor-nav-menu sm-vertical\"><li class=\"menu-item menu-item-type-post_type menu-item-object-page menu-item-15723\"><a href=\"https:\/\/ferrore.com.tr\/fr\/pig-irons\/\" class=\"elementor-item\" tabindex=\"-1\">Pig Irons<\/a><\/li>\n<li class=\"menu-item menu-item-type-post_type menu-item-object-page menu-item-15715\"><a href=\"https:\/\/ferrore.com.tr\/fr\/aluminum-ingots\/\" class=\"elementor-item\" tabindex=\"-1\">Aluminum Ingots<\/a><\/li>\n<li class=\"menu-item menu-item-type-post_type menu-item-object-page menu-item-15719\"><a href=\"https:\/\/ferrore.com.tr\/fr\/ferro-alloys\/\" class=\"elementor-item\" tabindex=\"-1\">Ferro Alloys<\/a><\/li>\n<li class=\"menu-item menu-item-type-post_type menu-item-object-page menu-item-15716\"><a href=\"https:\/\/ferrore.com.tr\/fr\/carbon-products\/\" class=\"elementor-item\" tabindex=\"-1\">Carbon Products<\/a><\/li>\n<li class=\"menu-item menu-item-type-post_type menu-item-object-page menu-item-15726\"><a href=\"https:\/\/ferrore.com.tr\/fr\/sand-blast-steel-shot\/\" class=\"elementor-item\" tabindex=\"-1\">Sand Blast \/ Steel Shot<\/a><\/li>\n<li class=\"menu-item menu-item-type-post_type menu-item-object-page menu-item-15728\"><a href=\"https:\/\/ferrore.com.tr\/fr\/steel-products\/\" class=\"elementor-item\" tabindex=\"-1\">Steel Products<\/a><\/li>\n<li class=\"menu-item menu-item-type-post_type menu-item-object-page menu-item-15720\"><a href=\"https:\/\/ferrore.com.tr\/fr\/foam-filters\/\" class=\"elementor-item\" tabindex=\"-1\">Foam Filters<\/a><\/li>\n<li class=\"menu-item menu-item-type-post_type menu-item-object-page menu-item-15722\"><a href=\"https:\/\/ferrore.com.tr\/fr\/mini-feeder-features\/\" class=\"elementor-item\" tabindex=\"-1\">Mini Feeder Features<\/a><\/li>\n<li class=\"menu-item menu-item-type-post_type menu-item-object-page menu-item-15725\"><a href=\"https:\/\/ferrore.com.tr\/fr\/resins\/\" class=\"elementor-item\" tabindex=\"-1\">Resins<\/a><\/li>\n<li class=\"menu-item menu-item-type-post_type menu-item-object-page menu-item-15727\"><a href=\"https:\/\/ferrore.com.tr\/fr\/shell-sands\/\" class=\"elementor-item\" tabindex=\"-1\">Shell Sands<\/a><\/li>\n<li class=\"menu-item menu-item-type-post_type menu-item-object-page menu-item-16317\"><a href=\"https:\/\/ferrore.com.tr\/fr\/relined-lead\/\" class=\"elementor-item\" tabindex=\"-1\">Relined Lead 99.985% PB minimum<\/a><\/li>\n<\/ul>\t\t\t<\/nav>\n\t\t\t\t\t\t<\/div>\n\t\t\t\t<\/div>\n\t\t\t\t\t<\/div>\n\t\t\t\t<\/div>\n\t\t\t\t<\/div>\n\t\t<\/div>\n\t\t\t\t\t\t<\/div>\n\t\t\t\t<\/div>\n\t\t\t\t<\/div>\n\t\t<div class=\"elementor-element elementor-element-3957a6c e-con-full e-flex e-con e-child\" data-id=\"3957a6c\" data-element_type=\"container\" data-e-type=\"container\">\n\t\t\t\t<div class=\"elementor-element elementor-element-1c9b0128 elementor-widget elementor-widget-image\" data-id=\"1c9b0128\" data-element_type=\"widget\" data-e-type=\"widget\" data-widget_type=\"image.default\">\n\t\t\t\t<div class=\"elementor-widget-container\">\n\t\t\t\t\t\t\t\t\t\t\t\t\t\t\t<img loading=\"lazy\" decoding=\"async\" width=\"1300\" height=\"491\" src=\"https:\/\/ferrore.com.tr\/wp-content\/uploads\/2024\/05\/Ferro-Alloys-2-1300x491.jpg\" class=\"attachment-large size-large wp-image-16243\" alt=\"\" srcset=\"https:\/\/ferrore.com.tr\/wp-content\/uploads\/2024\/05\/Ferro-Alloys-2-1300x491.jpg 1300w, https:\/\/ferrore.com.tr\/wp-content\/uploads\/2024\/05\/Ferro-Alloys-2-400x151.jpg 400w, https:\/\/ferrore.com.tr\/wp-content\/uploads\/2024\/05\/Ferro-Alloys-2-768x290.jpg 768w, https:\/\/ferrore.com.tr\/wp-content\/uploads\/2024\/05\/Ferro-Alloys-2-18x7.jpg 18w, https:\/\/ferrore.com.tr\/wp-content\/uploads\/2024\/05\/Ferro-Alloys-2.jpg 1500w\" sizes=\"auto, (max-width: 1300px) 100vw, 1300px\" \/>\t\t\t\t\t\t\t\t\t\t\t\t\t\t\t<\/div>\n\t\t\t\t<\/div>\n\t\t<a class=\"elementor-element elementor-element-510d4d61 e-con-full e-flex e-con e-child\" data-id=\"510d4d61\" data-element_type=\"container\" data-e-type=\"container\">\n\t\t\t\t<div class=\"elementor-element elementor-element-43d4772d elementor-widget elementor-widget-image\" data-id=\"43d4772d\" data-element_type=\"widget\" data-e-type=\"widget\" data-widget_type=\"image.default\">\n\t\t\t\t<div class=\"elementor-widget-container\">\n\t\t\t\t\t\t\t\t\t\t\t\t\t\t\t<img decoding=\"async\" src=\"https:\/\/ferrore.com.tr\/wp-content\/uploads\/elementor\/thumbs\/pdf-icon-qnrpygnxvpgjle5ppjpkuc64rjd1xc670yl81hqoc0.png\" title=\"pdf-icon\" alt=\"pdf-icon\" loading=\"lazy\" \/>\t\t\t\t\t\t\t\t\t\t\t\t\t\t\t<\/div>\n\t\t\t\t<\/div>\n\t\t\t\t<div class=\"elementor-element elementor-element-509031c4 elementor-widget elementor-widget-wd_text_block\" data-id=\"509031c4\" data-element_type=\"widget\" data-e-type=\"widget\" data-widget_type=\"wd_text_block.default\">\n\t\t\t\t<div class=\"elementor-widget-container\">\n\t\t\t\t\t\t\t<div class=\"wd-text-block reset-last-child text-center\">\n\t\t\t\n\t\t\t<p>Click here to download product PDF file<\/p>\n\t\t\t\t\t<\/div>\n\t\t\t\t\t\t<\/div>\n\t\t\t\t<\/div>\n\t\t\t\t<\/a>\n\t\t\t\t<div class=\"elementor-element elementor-element-567974e color-scheme-inherit text-left elementor-widget elementor-widget-text-editor\" data-id=\"567974e\" data-element_type=\"widget\" data-e-type=\"widget\" data-widget_type=\"text-editor.default\">\n\t\t\t\t<div class=\"elementor-widget-container\">\n\t\t\t\t\t\t\t\t\t<h2><strong>Ferro Alloys: Elevating Foundry Performance to New Heights<\/strong><\/h2><p>In the realm of foundry operations, the quest for excellence and innovation is relentless, and Ferro Alloys stand as a testament to this pursuit. These alloying agents play a pivotal role in enhancing the properties of base metals, enabling foundries to achieve remarkable feats of strength, durability, and versatility in their cast products.<\/p><h3><strong>Unleashing the Power of Alloying<\/strong><\/h3><p>Ferro Alloys harness the power of alloying to transform the characteristics of base metals, unlocking a myriad of possibilities for foundries. By introducing precise quantities of alloying elements such as chromium, manganese, silicon, and molybdenum into the molten metal, Ferro Alloys facilitate the customization of material properties to meet specific performance requirements. Whether it&#8217;s enhancing corrosion resistance, improving machinability, or increasing hardness, Ferro Alloys empower foundries to tailor their cast products with unparalleled precision.<\/p><h3><strong>Precision Engineering for Optimal Performance<\/strong><\/h3><p>At the heart of Ferro Alloys lies a commitment to precision engineering and metallurgical expertise. Rigorous quality control measures ensure that each batch of Ferro Alloy meets exacting specifications, guaranteeing consistency and reliability in the alloying process. This meticulous attention to detail translates into cast products of exceptional quality and performance, setting new standards of excellence in the foundry industry.<\/p><h4><strong>Enhancing End-Product Performance Across Industries<\/strong><\/h4><p>Ferro Alloys find applications across a diverse spectrum of industries, each benefiting from the unique properties they impart to the base metal. In the automotive sector, Ferro Alloys play a crucial role in the production of engine components, drivetrain systems, and structural reinforcements, ensuring optimal performance and longevity in demanding operating conditions. Similarly, in the aerospace industry, Ferro Alloys contribute to the fabrication of lightweight yet resilient components that withstand the rigors of flight. From construction to electronics, Ferro Alloys continue to elevate end-product performance across a multitude of applications.<\/p><h4><strong>Driving Sustainable Innovation<\/strong><\/h4><p>As advocates for sustainability, Ferro Alloy manufacturers are committed to driving innovation towards more eco-friendly practices. By optimizing production processes, minimizing waste generation, and promoting the use of recycled materials, Ferro Alloy production strives to reduce its environmental footprint while maximizing resource efficiency. Furthermore, the longevity and durability of Ferro Alloy-enhanced cast products contribute to a circular economy by extending product lifecycles and reducing the need for frequent replacements.<\/p>\t\t\t\t\t\t\t\t<\/div>\n\t\t\t\t<\/div>\n\t\t\t\t<div class=\"elementor-element elementor-element-5d303453 elementor-widget elementor-widget-spacer\" data-id=\"5d303453\" data-element_type=\"widget\" data-e-type=\"widget\" data-widget_type=\"spacer.default\">\n\t\t\t\t<div class=\"elementor-widget-container\">\n\t\t\t\t\t\t\t<div class=\"elementor-spacer\">\n\t\t\t<div class=\"elementor-spacer-inner\"><\/div>\n\t\t<\/div>\n\t\t\t\t\t\t<\/div>\n\t\t\t\t<\/div>\n\t\t<div class=\"elementor-element elementor-element-7b4312c8 e-con-full e-flex e-con e-child\" data-id=\"7b4312c8\" data-element_type=\"container\" data-e-type=\"container\">\n\t\t<div class=\"elementor-element elementor-element-695512d4 e-con-full e-flex e-con e-child\" data-id=\"695512d4\" data-element_type=\"container\" data-e-type=\"container\">\n\t\t\t\t<div class=\"elementor-element elementor-element-779a4d28 color-scheme-inherit text-left elementor-widget elementor-widget-text-editor\" data-id=\"779a4d28\" data-element_type=\"widget\" data-e-type=\"widget\" data-widget_type=\"text-editor.default\">\n\t\t\t\t<div class=\"elementor-widget-container\">\n\t\t\t\t\t\t\t\t\t<h5><strong>Conclusion<\/strong><\/h5><p>In conclusion, Ferro Alloys represent the pinnacle of excellence and innovation in foundry raw materials, offering unparalleled versatility, performance, and sustainability across diverse industrial applications. With their ability to customize material properties and enhance end-product performance, Ferro Alloys empower foundries to push the boundaries of possibility and shape the future of manufacturing. As catalysts for progress, Ferro Alloys continue to drive sustainable innovation and redefine the standards of excellence in the foundry industry.<\/p>\t\t\t\t\t\t\t\t<\/div>\n\t\t\t\t<\/div>\n\t\t\t\t<\/div>\n\t\t\t\t<\/div>\n\t\t\t\t<\/div>\n\t\t\t\t\t<\/div>\n\t\t\t\t<\/div>\n\t\t\t\t<\/div>\n\t\t","protected":false},"excerpt":{"rendered":"<p>T\u00dcM \u00dcR\u00dcNLER Cliquez ici pour t\u00e9l\u00e9charger le fichier PDF du produit Ferro-alliages : Les performances des fonderies atteignent de nouveaux sommets Dans le royaume<\/p>","protected":false},"author":1,"featured_media":0,"parent":0,"menu_order":0,"comment_status":"closed","ping_status":"closed","template":"elementor_theme","meta":{"_themeisle_gutenberg_block_has_review":false,"footnotes":""},"class_list":["post-15683","page","type-page","status-publish","hentry"],"yoast_head":"<!-- This site is optimized with the Yoast SEO plugin v27.1.1 - https:\/\/yoast.com\/product\/yoast-seo-wordpress\/ -->\n<title>Ferro Alloys - FERRORE METALLURGY<\/title>\n<meta name=\"robots\" content=\"index, follow, max-snippet:-1, max-image-preview:large, max-video-preview:-1\" \/>\n<link rel=\"canonical\" href=\"https:\/\/ferrore.com.tr\/fr\/ferro-alloys\/\" \/>\n<meta property=\"og:locale\" content=\"fr_FR\" \/>\n<meta property=\"og:type\" content=\"article\" \/>\n<meta property=\"og:title\" content=\"Ferro Alloys - FERRORE METALLURGY\" \/>\n<meta property=\"og:description\" content=\"T\u00dcM \u00dcR\u00dcNLER Click here to download product PDF file Ferro Alloys: Elevating Foundry Performance to New Heights In the realm\" \/>\n<meta property=\"og:url\" content=\"https:\/\/ferrore.com.tr\/fr\/ferro-alloys\/\" \/>\n<meta property=\"og:site_name\" content=\"FERRORE METALLURGY\" \/>\n<meta property=\"article:modified_time\" content=\"2024-05-07T14:20:15+00:00\" \/>\n<meta property=\"og:image\" content=\"https:\/\/ferrore.com.tr\/wp-content\/uploads\/2024\/05\/Ferro-Alloys-2-1300x491.jpg\" \/>\n<meta name=\"twitter:card\" content=\"summary_large_image\" \/>\n<meta name=\"twitter:label1\" content=\"Dur\u00e9e de lecture estim\u00e9e\" \/>\n\t<meta name=\"twitter:data1\" content=\"3 minutes\" \/>\n<script type=\"application\/ld+json\" class=\"yoast-schema-graph\">{\"@context\":\"https:\/\/schema.org\",\"@graph\":[{\"@type\":\"WebPage\",\"@id\":\"https:\/\/ferrore.com.tr\/ferro-alloys\/\",\"url\":\"https:\/\/ferrore.com.tr\/ferro-alloys\/\",\"name\":\"Ferro Alloys - FERRORE METALLURGY\",\"isPartOf\":{\"@id\":\"https:\/\/ferrore.com.tr\/#website\"},\"primaryImageOfPage\":{\"@id\":\"https:\/\/ferrore.com.tr\/ferro-alloys\/#primaryimage\"},\"image\":{\"@id\":\"https:\/\/ferrore.com.tr\/ferro-alloys\/#primaryimage\"},\"thumbnailUrl\":\"https:\/\/ferrore.com.tr\/wp-content\/uploads\/2024\/05\/Ferro-Alloys-2-1300x491.jpg\",\"datePublished\":\"2024-05-06T11:47:48+00:00\",\"dateModified\":\"2024-05-07T14:20:15+00:00\",\"breadcrumb\":{\"@id\":\"https:\/\/ferrore.com.tr\/ferro-alloys\/#breadcrumb\"},\"inLanguage\":\"fr-FR\",\"potentialAction\":[{\"@type\":\"ReadAction\",\"target\":[\"https:\/\/ferrore.com.tr\/ferro-alloys\/\"]}]},{\"@type\":\"ImageObject\",\"inLanguage\":\"fr-FR\",\"@id\":\"https:\/\/ferrore.com.tr\/ferro-alloys\/#primaryimage\",\"url\":\"https:\/\/ferrore.com.tr\/wp-content\/uploads\/2024\/05\/Ferro-Alloys-2-1300x491.jpg\",\"contentUrl\":\"https:\/\/ferrore.com.tr\/wp-content\/uploads\/2024\/05\/Ferro-Alloys-2-1300x491.jpg\"},{\"@type\":\"BreadcrumbList\",\"@id\":\"https:\/\/ferrore.com.tr\/ferro-alloys\/#breadcrumb\",\"itemListElement\":[{\"@type\":\"ListItem\",\"position\":1,\"name\":\"Anasayfa\",\"item\":\"https:\/\/ferrore.com.tr\/\"},{\"@type\":\"ListItem\",\"position\":2,\"name\":\"Ferro Alloys\"}]},{\"@type\":\"WebSite\",\"@id\":\"https:\/\/ferrore.com.tr\/#website\",\"url\":\"https:\/\/ferrore.com.tr\/\",\"name\":\"FERRORE METALLURGY\",\"description\":\"\",\"publisher\":{\"@id\":\"https:\/\/ferrore.com.tr\/#organization\"},\"potentialAction\":[{\"@type\":\"SearchAction\",\"target\":{\"@type\":\"EntryPoint\",\"urlTemplate\":\"https:\/\/ferrore.com.tr\/?s={search_term_string}\"},\"query-input\":{\"@type\":\"PropertyValueSpecification\",\"valueRequired\":true,\"valueName\":\"search_term_string\"}}],\"inLanguage\":\"fr-FR\"},{\"@type\":\"Organization\",\"@id\":\"https:\/\/ferrore.com.tr\/#organization\",\"name\":\"FERRORE METALLURGY\",\"url\":\"https:\/\/ferrore.com.tr\/\",\"logo\":{\"@type\":\"ImageObject\",\"inLanguage\":\"fr-FR\",\"@id\":\"https:\/\/ferrore.com.tr\/#\/schema\/logo\/image\/\",\"url\":\"https:\/\/ferrore.com.tr\/wp-content\/uploads\/2024\/05\/logo-orjinal.png\",\"contentUrl\":\"https:\/\/ferrore.com.tr\/wp-content\/uploads\/2024\/05\/logo-orjinal.png\",\"width\":1000,\"height\":307,\"caption\":\"FERRORE METALLURGY\"},\"image\":{\"@id\":\"https:\/\/ferrore.com.tr\/#\/schema\/logo\/image\/\"}}]}<\/script>\n<!-- \/ Yoast SEO plugin. -->","yoast_head_json":{"title":"Ferro-alliages - FERRORE METALLURGY","robots":{"index":"index","follow":"follow","max-snippet":"max-snippet:-1","max-image-preview":"max-image-preview:large","max-video-preview":"max-video-preview:-1"},"canonical":"https:\/\/ferrore.com.tr\/fr\/ferro-alloys\/","og_locale":"fr_FR","og_type":"article","og_title":"Ferro Alloys - FERRORE METALLURGY","og_description":"T\u00dcM \u00dcR\u00dcNLER Click here to download product PDF file Ferro Alloys: Elevating Foundry Performance to New Heights In the realm","og_url":"https:\/\/ferrore.com.tr\/fr\/ferro-alloys\/","og_site_name":"FERRORE METALLURGY","article_modified_time":"2024-05-07T14:20:15+00:00","og_image":[{"url":"https:\/\/ferrore.com.tr\/wp-content\/uploads\/2024\/05\/Ferro-Alloys-2-1300x491.jpg","type":"","width":"","height":""}],"twitter_card":"summary_large_image","twitter_misc":{"Dur\u00e9e de lecture estim\u00e9e":"3 minutes"},"schema":{"@context":"https:\/\/schema.org","@graph":[{"@type":"WebPage","@id":"https:\/\/ferrore.com.tr\/ferro-alloys\/","url":"https:\/\/ferrore.com.tr\/ferro-alloys\/","name":"Ferro-alliages - FERRORE METALLURGY","isPartOf":{"@id":"https:\/\/ferrore.com.tr\/#website"},"primaryImageOfPage":{"@id":"https:\/\/ferrore.com.tr\/ferro-alloys\/#primaryimage"},"image":{"@id":"https:\/\/ferrore.com.tr\/ferro-alloys\/#primaryimage"},"thumbnailUrl":"https:\/\/ferrore.com.tr\/wp-content\/uploads\/2024\/05\/Ferro-Alloys-2-1300x491.jpg","datePublished":"2024-05-06T11:47:48+00:00","dateModified":"2024-05-07T14:20:15+00:00","breadcrumb":{"@id":"https:\/\/ferrore.com.tr\/ferro-alloys\/#breadcrumb"},"inLanguage":"fr-FR","potentialAction":[{"@type":"ReadAction","target":["https:\/\/ferrore.com.tr\/ferro-alloys\/"]}]},{"@type":"ImageObject","inLanguage":"fr-FR","@id":"https:\/\/ferrore.com.tr\/ferro-alloys\/#primaryimage","url":"https:\/\/ferrore.com.tr\/wp-content\/uploads\/2024\/05\/Ferro-Alloys-2-1300x491.jpg","contentUrl":"https:\/\/ferrore.com.tr\/wp-content\/uploads\/2024\/05\/Ferro-Alloys-2-1300x491.jpg"},{"@type":"BreadcrumbList","@id":"https:\/\/ferrore.com.tr\/ferro-alloys\/#breadcrumb","itemListElement":[{"@type":"ListItem","position":1,"name":"Anasayfa","item":"https:\/\/ferrore.com.tr\/"},{"@type":"ListItem","position":2,"name":"Ferro Alloys"}]},{"@type":"WebSite","@id":"https:\/\/ferrore.com.tr\/#website","url":"https:\/\/ferrore.com.tr\/","name":"FERRORE M\u00c9TALLURGIE","description":"","publisher":{"@id":"https:\/\/ferrore.com.tr\/#organization"},"potentialAction":[{"@type":"SearchAction","target":{"@type":"EntryPoint","urlTemplate":"https:\/\/ferrore.com.tr\/?s={search_term_string}"},"query-input":{"@type":"PropertyValueSpecification","valueRequired":true,"valueName":"search_term_string"}}],"inLanguage":"fr-FR"},{"@type":"Organization","@id":"https:\/\/ferrore.com.tr\/#organization","name":"FERRORE M\u00c9TALLURGIE","url":"https:\/\/ferrore.com.tr\/","logo":{"@type":"ImageObject","inLanguage":"fr-FR","@id":"https:\/\/ferrore.com.tr\/#\/schema\/logo\/image\/","url":"https:\/\/ferrore.com.tr\/wp-content\/uploads\/2024\/05\/logo-orjinal.png","contentUrl":"https:\/\/ferrore.com.tr\/wp-content\/uploads\/2024\/05\/logo-orjinal.png","width":1000,"height":307,"caption":"FERRORE METALLURGY"},"image":{"@id":"https:\/\/ferrore.com.tr\/#\/schema\/logo\/image\/"}}]}},"_links":{"self":[{"href":"https:\/\/ferrore.com.tr\/fr\/wp-json\/wp\/v2\/pages\/15683","targetHints":{"allow":["GET"]}}],"collection":[{"href":"https:\/\/ferrore.com.tr\/fr\/wp-json\/wp\/v2\/pages"}],"about":[{"href":"https:\/\/ferrore.com.tr\/fr\/wp-json\/wp\/v2\/types\/page"}],"author":[{"embeddable":true,"href":"https:\/\/ferrore.com.tr\/fr\/wp-json\/wp\/v2\/users\/1"}],"replies":[{"embeddable":true,"href":"https:\/\/ferrore.com.tr\/fr\/wp-json\/wp\/v2\/comments?post=15683"}],"version-history":[{"count":58,"href":"https:\/\/ferrore.com.tr\/fr\/wp-json\/wp\/v2\/pages\/15683\/revisions"}],"predecessor-version":[{"id":16266,"href":"https:\/\/ferrore.com.tr\/fr\/wp-json\/wp\/v2\/pages\/15683\/revisions\/16266"}],"wp:attachment":[{"href":"https:\/\/ferrore.com.tr\/fr\/wp-json\/wp\/v2\/media?parent=15683"}],"curies":[{"name":"wp","href":"https:\/\/api.w.org\/{rel}","templated":true}]}}