{"id":15685,"date":"2024-05-06T14:47:48","date_gmt":"2024-05-06T11:47:48","guid":{"rendered":"https:\/\/ferrore.com.tr\/?page_id=15685"},"modified":"2024-05-07T17:24:34","modified_gmt":"2024-05-07T14:24:34","slug":"sand-blast-steel-shot","status":"publish","type":"page","link":"https:\/\/ferrore.com.tr\/fr\/sand-blast-steel-shot\/","title":{"rendered":"Sablage \/ grenaillage d'acier"},"content":{"rendered":"\t\t<div data-elementor-type=\"wp-page\" data-elementor-id=\"15685\" class=\"elementor elementor-15685\" data-elementor-post-type=\"page\">\n\t\t\t\t<div class=\"wd-negative-gap elementor-element elementor-element-4cd2fcf9 e-flex e-con-boxed e-con e-parent\" data-id=\"4cd2fcf9\" data-element_type=\"container\" data-e-type=\"container\">\n\t\t\t\t\t<div class=\"e-con-inner\">\n\t\t<div class=\"elementor-element elementor-element-6f809055 e-con-full elementor-hidden-tablet elementor-hidden-mobile e-flex e-con e-child\" data-id=\"6f809055\" data-element_type=\"container\" data-e-type=\"container\">\n\t\t\t\t<div class=\"elementor-element elementor-element-1e1709d7 elementor-widget elementor-widget-wd_text_block\" data-id=\"1e1709d7\" data-element_type=\"widget\" data-e-type=\"widget\" data-settings=\"{&quot;sticky&quot;:&quot;top&quot;,&quot;sticky_offset&quot;:70,&quot;sticky_on&quot;:[&quot;desktop&quot;,&quot;tablet&quot;,&quot;mobile&quot;],&quot;sticky_effects_offset&quot;:0,&quot;sticky_anchor_link_offset&quot;:0}\" data-widget_type=\"wd_text_block.default\">\n\t\t\t\t<div class=\"elementor-widget-container\">\n\t\t\t\t\t\t\t<div class=\"wd-text-block reset-last-child text-left color-title color-scheme-dark\">\n\t\t\t\n\t\t\t<p><strong>T\u00dcM \u00dcR\u00dcNLER<\/strong><\/p>\n\t\t\t\t\t<\/div>\n\t\t\t\t\t\t<\/div>\n\t\t\t\t<\/div>\n\t\t\t\t<div class=\"elementor-element elementor-element-126f8ab8 elementor-widget elementor-widget-shortcode\" data-id=\"126f8ab8\" data-element_type=\"widget\" data-e-type=\"widget\" data-settings=\"{&quot;sticky&quot;:&quot;top&quot;,&quot;sticky_offset&quot;:120,&quot;sticky_on&quot;:[&quot;desktop&quot;,&quot;tablet&quot;,&quot;mobile&quot;],&quot;sticky_effects_offset&quot;:0,&quot;sticky_anchor_link_offset&quot;:0}\" data-widget_type=\"shortcode.default\">\n\t\t\t\t<div class=\"elementor-widget-container\">\n\t\t\t\t\t\t\t<div class=\"elementor-shortcode\">\t\t\t<link rel=\"stylesheet\" id=\"elementor-post-15500-css\" href=\"https:\/\/ferrore.com.tr\/wp-content\/uploads\/elementor\/css\/post-15500.css?ver=1776718109\" type=\"text\/css\" media=\"all\">\n\t\t\t\t\t<div data-elementor-type=\"wp-post\" data-elementor-id=\"15500\" class=\"elementor elementor-15500\" data-elementor-post-type=\"cms_block\">\n\t\t\t\t<div class=\"wd-negative-gap elementor-element elementor-element-3dd79d9 e-flex e-con-boxed e-con e-parent\" data-id=\"3dd79d9\" data-element_type=\"container\" data-e-type=\"container\">\n\t\t\t\t\t<div class=\"e-con-inner\">\n\t\t\t\t<div class=\"elementor-element elementor-element-14a3462 elementor-nav-menu--dropdown-tablet elementor-nav-menu__text-align-aside elementor-widget elementor-widget-nav-menu\" data-id=\"14a3462\" data-element_type=\"widget\" data-e-type=\"widget\" data-settings=\"{&quot;layout&quot;:&quot;vertical&quot;,&quot;submenu_icon&quot;:{&quot;value&quot;:&quot;&lt;svg aria-hidden=\\&quot;true\\&quot; class=\\&quot;e-font-icon-svg e-fas-caret-down\\&quot; viewBox=\\&quot;0 0 320 512\\&quot; xmlns=\\&quot;http:\\\/\\\/www.w3.org\\\/2000\\\/svg\\&quot;&gt;&lt;path d=\\&quot;M31.3 192h257.3c17.8 0 26.7 21.5 14.1 34.1L174.1 354.8c-7.8 7.8-20.5 7.8-28.3 0L17.2 226.1C4.6 213.5 13.5 192 31.3 192z\\&quot;&gt;&lt;\\\/path&gt;&lt;\\\/svg&gt;&quot;,&quot;library&quot;:&quot;fa-solid&quot;}}\" data-widget_type=\"nav-menu.default\">\n\t\t\t\t<div class=\"elementor-widget-container\">\n\t\t\t\t\t\t\t\t<nav aria-label=\"Menu\" class=\"elementor-nav-menu--main elementor-nav-menu__container elementor-nav-menu--layout-vertical e--pointer-background e--animation-fade\">\n\t\t\t\t<ul id=\"menu-1-14a3462\" class=\"elementor-nav-menu sm-vertical\"><li class=\"menu-item menu-item-type-post_type menu-item-object-page menu-item-15723\"><a href=\"https:\/\/ferrore.com.tr\/fr\/pig-irons\/\" class=\"elementor-item\">Pig Irons<\/a><\/li>\n<li class=\"menu-item menu-item-type-post_type menu-item-object-page menu-item-15715\"><a href=\"https:\/\/ferrore.com.tr\/fr\/aluminum-ingots\/\" class=\"elementor-item\">Aluminum Ingots<\/a><\/li>\n<li class=\"menu-item menu-item-type-post_type menu-item-object-page menu-item-15719\"><a href=\"https:\/\/ferrore.com.tr\/fr\/ferro-alloys\/\" class=\"elementor-item\">Ferro Alloys<\/a><\/li>\n<li class=\"menu-item menu-item-type-post_type menu-item-object-page menu-item-15716\"><a href=\"https:\/\/ferrore.com.tr\/fr\/carbon-products\/\" class=\"elementor-item\">Carbon Products<\/a><\/li>\n<li class=\"menu-item menu-item-type-post_type menu-item-object-page menu-item-15726\"><a href=\"https:\/\/ferrore.com.tr\/fr\/sand-blast-steel-shot\/\" class=\"elementor-item\">Sand Blast \/ Steel Shot<\/a><\/li>\n<li class=\"menu-item menu-item-type-post_type menu-item-object-page menu-item-15728\"><a href=\"https:\/\/ferrore.com.tr\/fr\/steel-products\/\" class=\"elementor-item\">Steel Products<\/a><\/li>\n<li class=\"menu-item menu-item-type-post_type menu-item-object-page menu-item-15720\"><a href=\"https:\/\/ferrore.com.tr\/fr\/foam-filters\/\" class=\"elementor-item\">Foam Filters<\/a><\/li>\n<li class=\"menu-item menu-item-type-post_type menu-item-object-page menu-item-15722\"><a href=\"https:\/\/ferrore.com.tr\/fr\/mini-feeder-features\/\" class=\"elementor-item\">Mini Feeder Features<\/a><\/li>\n<li class=\"menu-item menu-item-type-post_type menu-item-object-page menu-item-15725\"><a href=\"https:\/\/ferrore.com.tr\/fr\/resins\/\" class=\"elementor-item\">Resins<\/a><\/li>\n<li class=\"menu-item menu-item-type-post_type menu-item-object-page menu-item-15727\"><a href=\"https:\/\/ferrore.com.tr\/fr\/shell-sands\/\" class=\"elementor-item\">Shell Sands<\/a><\/li>\n<li class=\"menu-item menu-item-type-post_type menu-item-object-page menu-item-16317\"><a href=\"https:\/\/ferrore.com.tr\/fr\/relined-lead\/\" class=\"elementor-item\">Relined Lead 99.985% PB minimum<\/a><\/li>\n<\/ul>\t\t\t<\/nav>\n\t\t\t\t\t\t<nav class=\"elementor-nav-menu--dropdown elementor-nav-menu__container\" aria-hidden=\"true\">\n\t\t\t\t<ul id=\"menu-2-14a3462\" class=\"elementor-nav-menu sm-vertical\"><li class=\"menu-item menu-item-type-post_type menu-item-object-page menu-item-15723\"><a href=\"https:\/\/ferrore.com.tr\/fr\/pig-irons\/\" class=\"elementor-item\" tabindex=\"-1\">Pig Irons<\/a><\/li>\n<li class=\"menu-item menu-item-type-post_type menu-item-object-page menu-item-15715\"><a href=\"https:\/\/ferrore.com.tr\/fr\/aluminum-ingots\/\" class=\"elementor-item\" tabindex=\"-1\">Aluminum Ingots<\/a><\/li>\n<li class=\"menu-item menu-item-type-post_type menu-item-object-page menu-item-15719\"><a href=\"https:\/\/ferrore.com.tr\/fr\/ferro-alloys\/\" class=\"elementor-item\" tabindex=\"-1\">Ferro Alloys<\/a><\/li>\n<li class=\"menu-item menu-item-type-post_type menu-item-object-page menu-item-15716\"><a href=\"https:\/\/ferrore.com.tr\/fr\/carbon-products\/\" class=\"elementor-item\" tabindex=\"-1\">Carbon Products<\/a><\/li>\n<li class=\"menu-item menu-item-type-post_type menu-item-object-page menu-item-15726\"><a href=\"https:\/\/ferrore.com.tr\/fr\/sand-blast-steel-shot\/\" class=\"elementor-item\" tabindex=\"-1\">Sand Blast \/ Steel Shot<\/a><\/li>\n<li class=\"menu-item menu-item-type-post_type menu-item-object-page menu-item-15728\"><a href=\"https:\/\/ferrore.com.tr\/fr\/steel-products\/\" class=\"elementor-item\" tabindex=\"-1\">Steel Products<\/a><\/li>\n<li class=\"menu-item menu-item-type-post_type menu-item-object-page menu-item-15720\"><a href=\"https:\/\/ferrore.com.tr\/fr\/foam-filters\/\" class=\"elementor-item\" tabindex=\"-1\">Foam Filters<\/a><\/li>\n<li class=\"menu-item menu-item-type-post_type menu-item-object-page menu-item-15722\"><a href=\"https:\/\/ferrore.com.tr\/fr\/mini-feeder-features\/\" class=\"elementor-item\" tabindex=\"-1\">Mini Feeder Features<\/a><\/li>\n<li class=\"menu-item menu-item-type-post_type menu-item-object-page menu-item-15725\"><a href=\"https:\/\/ferrore.com.tr\/fr\/resins\/\" class=\"elementor-item\" tabindex=\"-1\">Resins<\/a><\/li>\n<li class=\"menu-item menu-item-type-post_type menu-item-object-page menu-item-15727\"><a href=\"https:\/\/ferrore.com.tr\/fr\/shell-sands\/\" class=\"elementor-item\" tabindex=\"-1\">Shell Sands<\/a><\/li>\n<li class=\"menu-item menu-item-type-post_type menu-item-object-page menu-item-16317\"><a href=\"https:\/\/ferrore.com.tr\/fr\/relined-lead\/\" class=\"elementor-item\" tabindex=\"-1\">Relined Lead 99.985% PB minimum<\/a><\/li>\n<\/ul>\t\t\t<\/nav>\n\t\t\t\t\t\t<\/div>\n\t\t\t\t<\/div>\n\t\t\t\t\t<\/div>\n\t\t\t\t<\/div>\n\t\t\t\t<\/div>\n\t\t<\/div>\n\t\t\t\t\t\t<\/div>\n\t\t\t\t<\/div>\n\t\t\t\t<\/div>\n\t\t<div class=\"elementor-element elementor-element-1809945b e-con-full e-flex e-con e-child\" data-id=\"1809945b\" data-element_type=\"container\" data-e-type=\"container\">\n\t\t\t\t<div class=\"elementor-element elementor-element-1c527f8d elementor-widget elementor-widget-image\" data-id=\"1c527f8d\" data-element_type=\"widget\" data-e-type=\"widget\" data-widget_type=\"image.default\">\n\t\t\t\t<div class=\"elementor-widget-container\">\n\t\t\t\t\t\t\t\t\t\t\t\t\t\t\t<img loading=\"lazy\" decoding=\"async\" width=\"1300\" height=\"491\" src=\"https:\/\/ferrore.com.tr\/wp-content\/uploads\/2024\/05\/Sand-Blast-_-Steel-Shot-_-1300x491.jpg\" class=\"attachment-large size-large wp-image-16190\" alt=\"\" srcset=\"https:\/\/ferrore.com.tr\/wp-content\/uploads\/2024\/05\/Sand-Blast-_-Steel-Shot-_-1300x491.jpg 1300w, https:\/\/ferrore.com.tr\/wp-content\/uploads\/2024\/05\/Sand-Blast-_-Steel-Shot-_-400x151.jpg 400w, https:\/\/ferrore.com.tr\/wp-content\/uploads\/2024\/05\/Sand-Blast-_-Steel-Shot-_-768x290.jpg 768w, https:\/\/ferrore.com.tr\/wp-content\/uploads\/2024\/05\/Sand-Blast-_-Steel-Shot-_-18x7.jpg 18w, https:\/\/ferrore.com.tr\/wp-content\/uploads\/2024\/05\/Sand-Blast-_-Steel-Shot-_.jpg 1500w\" sizes=\"auto, (max-width: 1300px) 100vw, 1300px\" \/>\t\t\t\t\t\t\t\t\t\t\t\t\t\t\t<\/div>\n\t\t\t\t<\/div>\n\t\t<a class=\"elementor-element elementor-element-5d232bd5 e-con-full e-flex e-con e-child\" data-id=\"5d232bd5\" data-element_type=\"container\" data-e-type=\"container\">\n\t\t\t\t<div class=\"elementor-element elementor-element-4c0b9486 elementor-widget elementor-widget-image\" data-id=\"4c0b9486\" data-element_type=\"widget\" data-e-type=\"widget\" data-widget_type=\"image.default\">\n\t\t\t\t<div class=\"elementor-widget-container\">\n\t\t\t\t\t\t\t\t\t\t\t\t\t\t\t<img loading=\"lazy\" decoding=\"async\" width=\"150\" height=\"150\" src=\"https:\/\/ferrore.com.tr\/wp-content\/uploads\/2024\/05\/pdf-icon-150x150.png\" class=\"attachment-thumbnail size-thumbnail wp-image-15786\" alt=\"\" srcset=\"https:\/\/ferrore.com.tr\/wp-content\/uploads\/2024\/05\/pdf-icon-150x150.png 150w, https:\/\/ferrore.com.tr\/wp-content\/uploads\/2024\/05\/pdf-icon-300x300.png 300w, https:\/\/ferrore.com.tr\/wp-content\/uploads\/2024\/05\/pdf-icon-800x800.png 800w, https:\/\/ferrore.com.tr\/wp-content\/uploads\/2024\/05\/pdf-icon-768x768.png 768w, https:\/\/ferrore.com.tr\/wp-content\/uploads\/2024\/05\/elementor\/thumbs\/pdf-icon-qnrpygnxvpgjle5ppjpkuc64rjd1xc670yl81hqoc0.png 120w, https:\/\/ferrore.com.tr\/wp-content\/uploads\/2024\/05\/pdf-icon.png 1024w\" sizes=\"auto, (max-width: 150px) 100vw, 150px\" \/>\t\t\t\t\t\t\t\t\t\t\t\t\t\t\t<\/div>\n\t\t\t\t<\/div>\n\t\t\t\t<div class=\"elementor-element elementor-element-2147ec23 elementor-widget elementor-widget-wd_text_block\" data-id=\"2147ec23\" data-element_type=\"widget\" data-e-type=\"widget\" data-widget_type=\"wd_text_block.default\">\n\t\t\t\t<div class=\"elementor-widget-container\">\n\t\t\t\t\t\t\t<div class=\"wd-text-block reset-last-child text-center\">\n\t\t\t\n\t\t\t<p>Click here to download product PDF file<\/p>\n\t\t\t\t\t<\/div>\n\t\t\t\t\t\t<\/div>\n\t\t\t\t<\/div>\n\t\t\t\t<\/a>\n\t\t\t\t<div class=\"elementor-element elementor-element-46dcd22e color-scheme-inherit text-left elementor-widget elementor-widget-text-editor\" data-id=\"46dcd22e\" data-element_type=\"widget\" data-e-type=\"widget\" data-widget_type=\"text-editor.default\">\n\t\t\t\t<div class=\"elementor-widget-container\">\n\t\t\t\t\t\t\t\t\t<h2><strong>Sand Blast \/ Steel Shot: Powering Precision Surface Preparation<\/strong><\/h2><p>In the realm of foundry operations, surface preparation plays a critical role in achieving optimal results, and Sand Blast \/ Steel Shot emerges as a key player in this process. Renowned for their abrasive properties and versatility, these materials empower foundries to achieve precise surface finishes and immaculate cleanliness, paving the way for the production of high-quality cast components across industries.<\/p><h3><strong>Precision Abrasion for Superior Surface Quality<\/strong><\/h3><p>Sand Blast \/ Steel Shot harness the power of precision abrasion to remove surface contaminants, rust, scale, and imperfections, leaving behind a clean, uniform surface ready for further processing or finishing. Whether it&#8217;s preparing metal surfaces for painting, coating, or bonding, Sand Blast \/ Steel Shot excel in delivering consistent results with minimal material loss or surface damage. Their abrasive nature ensures efficient material removal while maintaining dimensional accuracy and surface integrity, making them indispensable tools for achieving superior surface quality in foundry applications.<\/p><h3><strong>Versatility Across Industries and Applications<\/strong><\/h3><p>Sand Blast \/ Steel Shot find applications across a diverse range of industries and applications, each benefiting from their unique properties and capabilities. In the automotive sector, they are used to prepare metal surfaces for painting, ensuring optimal adhesion and corrosion resistance in finished vehicles. Similarly, in the aerospace industry, Sand Blast \/ Steel Shot play a crucial role in preparing aircraft components for coating or bonding, where precision and cleanliness are paramount. From shipbuilding to construction, Sand Blast \/ Steel Shot continue to revolutionize surface preparation processes and drive innovation across various sectors.<\/p><h4><strong>Efficiency and Cost-Effectiveness<\/strong><\/h4><p>Sand Blast \/ Steel Shot offer unmatched efficiency and cost-effectiveness, enabling foundries to achieve optimal surface preparation results while minimizing material waste and downtime. Their reusable nature allows for multiple passes and extended usage, reducing the need for frequent replacements and lowering overall operating costs. Additionally, their abrasive properties ensure rapid material removal, leading to shorter processing times and increased productivity in foundry operations. By optimizing efficiency and minimizing waste, Sand Blast \/ Steel Shot contribute to improved profitability and competitiveness for foundries of all sizes.<\/p><h4><strong>Sustainable Solutions for Environmental Responsibility<\/strong><\/h4><p>As advocates for sustainability, Sand Blast \/ Steel Shot manufacturers are committed to developing eco-friendly solutions that minimize environmental impact and promote resource conservation. By implementing recycling programs, utilizing renewable energy sources, and reducing emissions, Sand Blast \/ Steel Shot production strives to operate in harmony with the environment while meeting the growing demand for sustainable solutions. Furthermore, the recyclability of Sand Blast \/ Steel Shot ensures minimal waste generation and supports the principles of a circular economy, where resources are used efficiently and responsibly.<\/p>\t\t\t\t\t\t\t\t<\/div>\n\t\t\t\t<\/div>\n\t\t\t\t<div class=\"elementor-element elementor-element-7aa4165c elementor-widget elementor-widget-spacer\" data-id=\"7aa4165c\" data-element_type=\"widget\" data-e-type=\"widget\" data-widget_type=\"spacer.default\">\n\t\t\t\t<div class=\"elementor-widget-container\">\n\t\t\t\t\t\t\t<div class=\"elementor-spacer\">\n\t\t\t<div class=\"elementor-spacer-inner\"><\/div>\n\t\t<\/div>\n\t\t\t\t\t\t<\/div>\n\t\t\t\t<\/div>\n\t\t<div class=\"elementor-element elementor-element-35e58af6 e-con-full e-flex e-con e-child\" data-id=\"35e58af6\" data-element_type=\"container\" data-e-type=\"container\">\n\t\t<div class=\"elementor-element elementor-element-40f33147 e-con-full e-flex e-con e-child\" data-id=\"40f33147\" data-element_type=\"container\" data-e-type=\"container\">\n\t\t\t\t<div class=\"elementor-element elementor-element-76aeae98 color-scheme-inherit text-left elementor-widget elementor-widget-text-editor\" data-id=\"76aeae98\" data-element_type=\"widget\" data-e-type=\"widget\" data-widget_type=\"text-editor.default\">\n\t\t\t\t<div class=\"elementor-widget-container\">\n\t\t\t\t\t\t\t\t\t<h5><strong>Conclusion<\/strong><\/h5><p>In summary, Sand Blast \/ Steel Shot represent the epitome of precision and efficiency in surface preparation, offering unmatched versatility, performance, and sustainability across diverse industrial applications. With their abrasive properties and cost-effectiveness, Sand Blast \/ Steel Shot empower foundries to achieve superior surface quality, increased productivity, and environmental responsibility in their operations. As essential tools for surface preparation, Sand Blast \/ Steel Shot continue to shape the future of manufacturing and drive positive change in the global industrial landscape.<\/p>\t\t\t\t\t\t\t\t<\/div>\n\t\t\t\t<\/div>\n\t\t\t\t<\/div>\n\t\t\t\t<\/div>\n\t\t\t\t<\/div>\n\t\t\t\t\t<\/div>\n\t\t\t\t<\/div>\n\t\t\t\t<\/div>\n\t\t","protected":false},"excerpt":{"rendered":"<p>T\u00dcM \u00dcR\u00dcNLER Cliquez ici pour t\u00e9l\u00e9charger le fichier PDF du produit Sablage \/ grenaille d'acier : La pr\u00e9paration de surface de pr\u00e9cision dans l'industrie de l'acier<\/p>","protected":false},"author":1,"featured_media":0,"parent":0,"menu_order":0,"comment_status":"closed","ping_status":"closed","template":"elementor_theme","meta":{"_themeisle_gutenberg_block_has_review":false,"footnotes":""},"class_list":["post-15685","page","type-page","status-publish","hentry"],"yoast_head":"<!-- This site is optimized with the Yoast SEO plugin v27.1.1 - https:\/\/yoast.com\/product\/yoast-seo-wordpress\/ -->\n<title>Sand Blast \/ Steel Shot - FERRORE METALLURGY<\/title>\n<meta name=\"robots\" content=\"index, follow, max-snippet:-1, max-image-preview:large, max-video-preview:-1\" \/>\n<link rel=\"canonical\" href=\"https:\/\/ferrore.com.tr\/fr\/sand-blast-steel-shot\/\" \/>\n<meta property=\"og:locale\" content=\"fr_FR\" \/>\n<meta property=\"og:type\" content=\"article\" \/>\n<meta property=\"og:title\" content=\"Sand Blast \/ Steel Shot - FERRORE METALLURGY\" \/>\n<meta property=\"og:description\" content=\"T\u00dcM \u00dcR\u00dcNLER Click here to download product PDF file Sand Blast \/ Steel Shot: Powering Precision Surface Preparation In the\" \/>\n<meta property=\"og:url\" content=\"https:\/\/ferrore.com.tr\/fr\/sand-blast-steel-shot\/\" \/>\n<meta property=\"og:site_name\" content=\"FERRORE METALLURGY\" \/>\n<meta property=\"article:modified_time\" content=\"2024-05-07T14:24:34+00:00\" \/>\n<meta property=\"og:image\" content=\"https:\/\/ferrore.com.tr\/wp-content\/uploads\/2024\/05\/Sand-Blast-_-Steel-Shot-_-1300x491.jpg\" \/>\n<meta name=\"twitter:card\" content=\"summary_large_image\" \/>\n<meta name=\"twitter:label1\" content=\"Dur\u00e9e de lecture estim\u00e9e\" \/>\n\t<meta name=\"twitter:data1\" content=\"3 minutes\" \/>\n<script type=\"application\/ld+json\" class=\"yoast-schema-graph\">{\"@context\":\"https:\/\/schema.org\",\"@graph\":[{\"@type\":\"WebPage\",\"@id\":\"https:\/\/ferrore.com.tr\/sand-blast-steel-shot\/\",\"url\":\"https:\/\/ferrore.com.tr\/sand-blast-steel-shot\/\",\"name\":\"Sand Blast \/ Steel Shot - FERRORE METALLURGY\",\"isPartOf\":{\"@id\":\"https:\/\/ferrore.com.tr\/#website\"},\"primaryImageOfPage\":{\"@id\":\"https:\/\/ferrore.com.tr\/sand-blast-steel-shot\/#primaryimage\"},\"image\":{\"@id\":\"https:\/\/ferrore.com.tr\/sand-blast-steel-shot\/#primaryimage\"},\"thumbnailUrl\":\"https:\/\/ferrore.com.tr\/wp-content\/uploads\/2024\/05\/Sand-Blast-_-Steel-Shot-_-1300x491.jpg\",\"datePublished\":\"2024-05-06T11:47:48+00:00\",\"dateModified\":\"2024-05-07T14:24:34+00:00\",\"breadcrumb\":{\"@id\":\"https:\/\/ferrore.com.tr\/sand-blast-steel-shot\/#breadcrumb\"},\"inLanguage\":\"fr-FR\",\"potentialAction\":[{\"@type\":\"ReadAction\",\"target\":[\"https:\/\/ferrore.com.tr\/sand-blast-steel-shot\/\"]}]},{\"@type\":\"ImageObject\",\"inLanguage\":\"fr-FR\",\"@id\":\"https:\/\/ferrore.com.tr\/sand-blast-steel-shot\/#primaryimage\",\"url\":\"https:\/\/ferrore.com.tr\/wp-content\/uploads\/2024\/05\/Sand-Blast-_-Steel-Shot-_-1300x491.jpg\",\"contentUrl\":\"https:\/\/ferrore.com.tr\/wp-content\/uploads\/2024\/05\/Sand-Blast-_-Steel-Shot-_-1300x491.jpg\"},{\"@type\":\"BreadcrumbList\",\"@id\":\"https:\/\/ferrore.com.tr\/sand-blast-steel-shot\/#breadcrumb\",\"itemListElement\":[{\"@type\":\"ListItem\",\"position\":1,\"name\":\"Anasayfa\",\"item\":\"https:\/\/ferrore.com.tr\/\"},{\"@type\":\"ListItem\",\"position\":2,\"name\":\"Sand Blast \/ Steel Shot\"}]},{\"@type\":\"WebSite\",\"@id\":\"https:\/\/ferrore.com.tr\/#website\",\"url\":\"https:\/\/ferrore.com.tr\/\",\"name\":\"FERRORE METALLURGY\",\"description\":\"\",\"publisher\":{\"@id\":\"https:\/\/ferrore.com.tr\/#organization\"},\"potentialAction\":[{\"@type\":\"SearchAction\",\"target\":{\"@type\":\"EntryPoint\",\"urlTemplate\":\"https:\/\/ferrore.com.tr\/?s={search_term_string}\"},\"query-input\":{\"@type\":\"PropertyValueSpecification\",\"valueRequired\":true,\"valueName\":\"search_term_string\"}}],\"inLanguage\":\"fr-FR\"},{\"@type\":\"Organization\",\"@id\":\"https:\/\/ferrore.com.tr\/#organization\",\"name\":\"FERRORE METALLURGY\",\"url\":\"https:\/\/ferrore.com.tr\/\",\"logo\":{\"@type\":\"ImageObject\",\"inLanguage\":\"fr-FR\",\"@id\":\"https:\/\/ferrore.com.tr\/#\/schema\/logo\/image\/\",\"url\":\"https:\/\/ferrore.com.tr\/wp-content\/uploads\/2024\/05\/logo-orjinal.png\",\"contentUrl\":\"https:\/\/ferrore.com.tr\/wp-content\/uploads\/2024\/05\/logo-orjinal.png\",\"width\":1000,\"height\":307,\"caption\":\"FERRORE METALLURGY\"},\"image\":{\"@id\":\"https:\/\/ferrore.com.tr\/#\/schema\/logo\/image\/\"}}]}<\/script>\n<!-- \/ Yoast SEO plugin. -->","yoast_head_json":{"title":"Sablage \/ grenaillage d'acier - FERRORE METALLURGY","robots":{"index":"index","follow":"follow","max-snippet":"max-snippet:-1","max-image-preview":"max-image-preview:large","max-video-preview":"max-video-preview:-1"},"canonical":"https:\/\/ferrore.com.tr\/fr\/sand-blast-steel-shot\/","og_locale":"fr_FR","og_type":"article","og_title":"Sand Blast \/ Steel Shot - FERRORE METALLURGY","og_description":"T\u00dcM \u00dcR\u00dcNLER Click here to download product PDF file Sand Blast \/ Steel Shot: Powering Precision Surface Preparation In the","og_url":"https:\/\/ferrore.com.tr\/fr\/sand-blast-steel-shot\/","og_site_name":"FERRORE METALLURGY","article_modified_time":"2024-05-07T14:24:34+00:00","og_image":[{"url":"https:\/\/ferrore.com.tr\/wp-content\/uploads\/2024\/05\/Sand-Blast-_-Steel-Shot-_-1300x491.jpg","type":"","width":"","height":""}],"twitter_card":"summary_large_image","twitter_misc":{"Dur\u00e9e de lecture estim\u00e9e":"3 minutes"},"schema":{"@context":"https:\/\/schema.org","@graph":[{"@type":"WebPage","@id":"https:\/\/ferrore.com.tr\/sand-blast-steel-shot\/","url":"https:\/\/ferrore.com.tr\/sand-blast-steel-shot\/","name":"Sablage \/ grenaillage d'acier - FERRORE METALLURGY","isPartOf":{"@id":"https:\/\/ferrore.com.tr\/#website"},"primaryImageOfPage":{"@id":"https:\/\/ferrore.com.tr\/sand-blast-steel-shot\/#primaryimage"},"image":{"@id":"https:\/\/ferrore.com.tr\/sand-blast-steel-shot\/#primaryimage"},"thumbnailUrl":"https:\/\/ferrore.com.tr\/wp-content\/uploads\/2024\/05\/Sand-Blast-_-Steel-Shot-_-1300x491.jpg","datePublished":"2024-05-06T11:47:48+00:00","dateModified":"2024-05-07T14:24:34+00:00","breadcrumb":{"@id":"https:\/\/ferrore.com.tr\/sand-blast-steel-shot\/#breadcrumb"},"inLanguage":"fr-FR","potentialAction":[{"@type":"ReadAction","target":["https:\/\/ferrore.com.tr\/sand-blast-steel-shot\/"]}]},{"@type":"ImageObject","inLanguage":"fr-FR","@id":"https:\/\/ferrore.com.tr\/sand-blast-steel-shot\/#primaryimage","url":"https:\/\/ferrore.com.tr\/wp-content\/uploads\/2024\/05\/Sand-Blast-_-Steel-Shot-_-1300x491.jpg","contentUrl":"https:\/\/ferrore.com.tr\/wp-content\/uploads\/2024\/05\/Sand-Blast-_-Steel-Shot-_-1300x491.jpg"},{"@type":"BreadcrumbList","@id":"https:\/\/ferrore.com.tr\/sand-blast-steel-shot\/#breadcrumb","itemListElement":[{"@type":"ListItem","position":1,"name":"Anasayfa","item":"https:\/\/ferrore.com.tr\/"},{"@type":"ListItem","position":2,"name":"Sand Blast \/ Steel Shot"}]},{"@type":"WebSite","@id":"https:\/\/ferrore.com.tr\/#website","url":"https:\/\/ferrore.com.tr\/","name":"FERRORE M\u00c9TALLURGIE","description":"","publisher":{"@id":"https:\/\/ferrore.com.tr\/#organization"},"potentialAction":[{"@type":"SearchAction","target":{"@type":"EntryPoint","urlTemplate":"https:\/\/ferrore.com.tr\/?s={search_term_string}"},"query-input":{"@type":"PropertyValueSpecification","valueRequired":true,"valueName":"search_term_string"}}],"inLanguage":"fr-FR"},{"@type":"Organization","@id":"https:\/\/ferrore.com.tr\/#organization","name":"FERRORE M\u00c9TALLURGIE","url":"https:\/\/ferrore.com.tr\/","logo":{"@type":"ImageObject","inLanguage":"fr-FR","@id":"https:\/\/ferrore.com.tr\/#\/schema\/logo\/image\/","url":"https:\/\/ferrore.com.tr\/wp-content\/uploads\/2024\/05\/logo-orjinal.png","contentUrl":"https:\/\/ferrore.com.tr\/wp-content\/uploads\/2024\/05\/logo-orjinal.png","width":1000,"height":307,"caption":"FERRORE METALLURGY"},"image":{"@id":"https:\/\/ferrore.com.tr\/#\/schema\/logo\/image\/"}}]}},"_links":{"self":[{"href":"https:\/\/ferrore.com.tr\/fr\/wp-json\/wp\/v2\/pages\/15685","targetHints":{"allow":["GET"]}}],"collection":[{"href":"https:\/\/ferrore.com.tr\/fr\/wp-json\/wp\/v2\/pages"}],"about":[{"href":"https:\/\/ferrore.com.tr\/fr\/wp-json\/wp\/v2\/types\/page"}],"author":[{"embeddable":true,"href":"https:\/\/ferrore.com.tr\/fr\/wp-json\/wp\/v2\/users\/1"}],"replies":[{"embeddable":true,"href":"https:\/\/ferrore.com.tr\/fr\/wp-json\/wp\/v2\/comments?post=15685"}],"version-history":[{"count":7,"href":"https:\/\/ferrore.com.tr\/fr\/wp-json\/wp\/v2\/pages\/15685\/revisions"}],"predecessor-version":[{"id":16275,"href":"https:\/\/ferrore.com.tr\/fr\/wp-json\/wp\/v2\/pages\/15685\/revisions\/16275"}],"wp:attachment":[{"href":"https:\/\/ferrore.com.tr\/fr\/wp-json\/wp\/v2\/media?parent=15685"}],"curies":[{"name":"wp","href":"https:\/\/api.w.org\/{rel}","templated":true}]}}