{"id":15689,"date":"2024-05-06T14:47:48","date_gmt":"2024-05-06T11:47:48","guid":{"rendered":"https:\/\/ferrore.com.tr\/?page_id=15689"},"modified":"2024-05-07T17:28:05","modified_gmt":"2024-05-07T14:28:05","slug":"mini-feeder-features","status":"publish","type":"page","link":"https:\/\/ferrore.com.tr\/fr\/mini-feeder-features\/","title":{"rendered":"Caract\u00e9ristiques du mini-alimentateur"},"content":{"rendered":"\t\t<div data-elementor-type=\"wp-page\" data-elementor-id=\"15689\" class=\"elementor elementor-15689\" data-elementor-post-type=\"page\">\n\t\t\t\t<div class=\"wd-negative-gap elementor-element elementor-element-dd7ff34 e-flex e-con-boxed e-con e-parent\" data-id=\"dd7ff34\" data-element_type=\"container\" data-e-type=\"container\">\n\t\t\t\t\t<div class=\"e-con-inner\">\n\t\t<div class=\"elementor-element elementor-element-7ff4c455 e-con-full elementor-hidden-tablet elementor-hidden-mobile e-flex e-con e-child\" data-id=\"7ff4c455\" data-element_type=\"container\" data-e-type=\"container\">\n\t\t\t\t<div class=\"elementor-element elementor-element-cc6058 elementor-widget elementor-widget-wd_text_block\" data-id=\"cc6058\" data-element_type=\"widget\" data-e-type=\"widget\" data-settings=\"{&quot;sticky&quot;:&quot;top&quot;,&quot;sticky_offset&quot;:70,&quot;sticky_on&quot;:[&quot;desktop&quot;,&quot;tablet&quot;,&quot;mobile&quot;],&quot;sticky_effects_offset&quot;:0,&quot;sticky_anchor_link_offset&quot;:0}\" data-widget_type=\"wd_text_block.default\">\n\t\t\t\t<div class=\"elementor-widget-container\">\n\t\t\t\t\t\t\t<div class=\"wd-text-block reset-last-child text-left color-title color-scheme-dark\">\n\t\t\t\n\t\t\t<p><strong>T\u00dcM \u00dcR\u00dcNLER<\/strong><\/p>\n\t\t\t\t\t<\/div>\n\t\t\t\t\t\t<\/div>\n\t\t\t\t<\/div>\n\t\t\t\t<div class=\"elementor-element elementor-element-53a13a8 elementor-widget elementor-widget-shortcode\" data-id=\"53a13a8\" data-element_type=\"widget\" data-e-type=\"widget\" data-settings=\"{&quot;sticky&quot;:&quot;top&quot;,&quot;sticky_offset&quot;:120,&quot;sticky_on&quot;:[&quot;desktop&quot;,&quot;tablet&quot;,&quot;mobile&quot;],&quot;sticky_effects_offset&quot;:0,&quot;sticky_anchor_link_offset&quot;:0}\" data-widget_type=\"shortcode.default\">\n\t\t\t\t<div class=\"elementor-widget-container\">\n\t\t\t\t\t\t\t<div class=\"elementor-shortcode\">\t\t\t<link rel=\"stylesheet\" id=\"elementor-post-15500-css\" href=\"https:\/\/ferrore.com.tr\/wp-content\/uploads\/elementor\/css\/post-15500.css?ver=1776718109\" type=\"text\/css\" media=\"all\">\n\t\t\t\t\t<div data-elementor-type=\"wp-post\" data-elementor-id=\"15500\" class=\"elementor elementor-15500\" data-elementor-post-type=\"cms_block\">\n\t\t\t\t<div class=\"wd-negative-gap elementor-element elementor-element-3dd79d9 e-flex e-con-boxed e-con e-parent\" data-id=\"3dd79d9\" data-element_type=\"container\" data-e-type=\"container\">\n\t\t\t\t\t<div class=\"e-con-inner\">\n\t\t\t\t<div class=\"elementor-element elementor-element-14a3462 elementor-nav-menu--dropdown-tablet elementor-nav-menu__text-align-aside elementor-widget elementor-widget-nav-menu\" data-id=\"14a3462\" data-element_type=\"widget\" data-e-type=\"widget\" data-settings=\"{&quot;layout&quot;:&quot;vertical&quot;,&quot;submenu_icon&quot;:{&quot;value&quot;:&quot;&lt;svg aria-hidden=\\&quot;true\\&quot; class=\\&quot;e-font-icon-svg e-fas-caret-down\\&quot; viewBox=\\&quot;0 0 320 512\\&quot; xmlns=\\&quot;http:\\\/\\\/www.w3.org\\\/2000\\\/svg\\&quot;&gt;&lt;path d=\\&quot;M31.3 192h257.3c17.8 0 26.7 21.5 14.1 34.1L174.1 354.8c-7.8 7.8-20.5 7.8-28.3 0L17.2 226.1C4.6 213.5 13.5 192 31.3 192z\\&quot;&gt;&lt;\\\/path&gt;&lt;\\\/svg&gt;&quot;,&quot;library&quot;:&quot;fa-solid&quot;}}\" data-widget_type=\"nav-menu.default\">\n\t\t\t\t<div class=\"elementor-widget-container\">\n\t\t\t\t\t\t\t\t<nav aria-label=\"Menu\" class=\"elementor-nav-menu--main elementor-nav-menu__container elementor-nav-menu--layout-vertical e--pointer-background e--animation-fade\">\n\t\t\t\t<ul id=\"menu-1-14a3462\" class=\"elementor-nav-menu sm-vertical\"><li class=\"menu-item menu-item-type-post_type menu-item-object-page menu-item-15723\"><a href=\"https:\/\/ferrore.com.tr\/fr\/pig-irons\/\" class=\"elementor-item\">Pig Irons<\/a><\/li>\n<li class=\"menu-item menu-item-type-post_type menu-item-object-page menu-item-15715\"><a href=\"https:\/\/ferrore.com.tr\/fr\/aluminum-ingots\/\" class=\"elementor-item\">Aluminum Ingots<\/a><\/li>\n<li class=\"menu-item menu-item-type-post_type menu-item-object-page menu-item-15719\"><a href=\"https:\/\/ferrore.com.tr\/fr\/ferro-alloys\/\" class=\"elementor-item\">Ferro Alloys<\/a><\/li>\n<li class=\"menu-item menu-item-type-post_type menu-item-object-page menu-item-15716\"><a href=\"https:\/\/ferrore.com.tr\/fr\/carbon-products\/\" class=\"elementor-item\">Carbon Products<\/a><\/li>\n<li class=\"menu-item menu-item-type-post_type menu-item-object-page menu-item-15726\"><a href=\"https:\/\/ferrore.com.tr\/fr\/sand-blast-steel-shot\/\" class=\"elementor-item\">Sand Blast \/ Steel Shot<\/a><\/li>\n<li class=\"menu-item menu-item-type-post_type menu-item-object-page menu-item-15728\"><a href=\"https:\/\/ferrore.com.tr\/fr\/steel-products\/\" class=\"elementor-item\">Steel Products<\/a><\/li>\n<li class=\"menu-item menu-item-type-post_type menu-item-object-page menu-item-15720\"><a href=\"https:\/\/ferrore.com.tr\/fr\/foam-filters\/\" class=\"elementor-item\">Foam Filters<\/a><\/li>\n<li class=\"menu-item menu-item-type-post_type menu-item-object-page menu-item-15722\"><a href=\"https:\/\/ferrore.com.tr\/fr\/mini-feeder-features\/\" class=\"elementor-item\">Mini Feeder Features<\/a><\/li>\n<li class=\"menu-item menu-item-type-post_type menu-item-object-page menu-item-15725\"><a href=\"https:\/\/ferrore.com.tr\/fr\/resins\/\" class=\"elementor-item\">Resins<\/a><\/li>\n<li class=\"menu-item menu-item-type-post_type menu-item-object-page menu-item-15727\"><a href=\"https:\/\/ferrore.com.tr\/fr\/shell-sands\/\" class=\"elementor-item\">Shell Sands<\/a><\/li>\n<li class=\"menu-item menu-item-type-post_type menu-item-object-page menu-item-16317\"><a href=\"https:\/\/ferrore.com.tr\/fr\/relined-lead\/\" class=\"elementor-item\">Relined Lead 99.985% PB minimum<\/a><\/li>\n<\/ul>\t\t\t<\/nav>\n\t\t\t\t\t\t<nav class=\"elementor-nav-menu--dropdown elementor-nav-menu__container\" aria-hidden=\"true\">\n\t\t\t\t<ul id=\"menu-2-14a3462\" class=\"elementor-nav-menu sm-vertical\"><li class=\"menu-item menu-item-type-post_type menu-item-object-page menu-item-15723\"><a href=\"https:\/\/ferrore.com.tr\/fr\/pig-irons\/\" class=\"elementor-item\" tabindex=\"-1\">Pig Irons<\/a><\/li>\n<li class=\"menu-item menu-item-type-post_type menu-item-object-page menu-item-15715\"><a href=\"https:\/\/ferrore.com.tr\/fr\/aluminum-ingots\/\" class=\"elementor-item\" tabindex=\"-1\">Aluminum Ingots<\/a><\/li>\n<li class=\"menu-item menu-item-type-post_type menu-item-object-page menu-item-15719\"><a href=\"https:\/\/ferrore.com.tr\/fr\/ferro-alloys\/\" class=\"elementor-item\" tabindex=\"-1\">Ferro Alloys<\/a><\/li>\n<li class=\"menu-item menu-item-type-post_type menu-item-object-page menu-item-15716\"><a href=\"https:\/\/ferrore.com.tr\/fr\/carbon-products\/\" class=\"elementor-item\" tabindex=\"-1\">Carbon Products<\/a><\/li>\n<li class=\"menu-item menu-item-type-post_type menu-item-object-page menu-item-15726\"><a href=\"https:\/\/ferrore.com.tr\/fr\/sand-blast-steel-shot\/\" class=\"elementor-item\" tabindex=\"-1\">Sand Blast \/ Steel Shot<\/a><\/li>\n<li class=\"menu-item menu-item-type-post_type menu-item-object-page menu-item-15728\"><a href=\"https:\/\/ferrore.com.tr\/fr\/steel-products\/\" class=\"elementor-item\" tabindex=\"-1\">Steel Products<\/a><\/li>\n<li class=\"menu-item menu-item-type-post_type menu-item-object-page menu-item-15720\"><a href=\"https:\/\/ferrore.com.tr\/fr\/foam-filters\/\" class=\"elementor-item\" tabindex=\"-1\">Foam Filters<\/a><\/li>\n<li class=\"menu-item menu-item-type-post_type menu-item-object-page menu-item-15722\"><a href=\"https:\/\/ferrore.com.tr\/fr\/mini-feeder-features\/\" class=\"elementor-item\" tabindex=\"-1\">Mini Feeder Features<\/a><\/li>\n<li class=\"menu-item menu-item-type-post_type menu-item-object-page menu-item-15725\"><a href=\"https:\/\/ferrore.com.tr\/fr\/resins\/\" class=\"elementor-item\" tabindex=\"-1\">Resins<\/a><\/li>\n<li class=\"menu-item menu-item-type-post_type menu-item-object-page menu-item-15727\"><a href=\"https:\/\/ferrore.com.tr\/fr\/shell-sands\/\" class=\"elementor-item\" tabindex=\"-1\">Shell Sands<\/a><\/li>\n<li class=\"menu-item menu-item-type-post_type menu-item-object-page menu-item-16317\"><a href=\"https:\/\/ferrore.com.tr\/fr\/relined-lead\/\" class=\"elementor-item\" tabindex=\"-1\">Relined Lead 99.985% PB minimum<\/a><\/li>\n<\/ul>\t\t\t<\/nav>\n\t\t\t\t\t\t<\/div>\n\t\t\t\t<\/div>\n\t\t\t\t\t<\/div>\n\t\t\t\t<\/div>\n\t\t\t\t<\/div>\n\t\t<\/div>\n\t\t\t\t\t\t<\/div>\n\t\t\t\t<\/div>\n\t\t\t\t<\/div>\n\t\t<div class=\"elementor-element elementor-element-42ea326a e-con-full e-flex e-con e-child\" data-id=\"42ea326a\" data-element_type=\"container\" data-e-type=\"container\">\n\t\t\t\t<div class=\"elementor-element elementor-element-394c5253 elementor-widget elementor-widget-image\" data-id=\"394c5253\" data-element_type=\"widget\" data-e-type=\"widget\" data-widget_type=\"image.default\">\n\t\t\t\t<div class=\"elementor-widget-container\">\n\t\t\t\t\t\t\t\t\t\t\t\t\t\t\t<img loading=\"lazy\" decoding=\"async\" width=\"1300\" height=\"491\" src=\"https:\/\/ferrore.com.tr\/wp-content\/uploads\/2024\/05\/Mini-Feeder-Features-1300x491.jpg\" class=\"attachment-large size-large wp-image-16193\" alt=\"\" srcset=\"https:\/\/ferrore.com.tr\/wp-content\/uploads\/2024\/05\/Mini-Feeder-Features-1300x491.jpg 1300w, https:\/\/ferrore.com.tr\/wp-content\/uploads\/2024\/05\/Mini-Feeder-Features-400x151.jpg 400w, https:\/\/ferrore.com.tr\/wp-content\/uploads\/2024\/05\/Mini-Feeder-Features-768x290.jpg 768w, https:\/\/ferrore.com.tr\/wp-content\/uploads\/2024\/05\/Mini-Feeder-Features-18x7.jpg 18w, https:\/\/ferrore.com.tr\/wp-content\/uploads\/2024\/05\/Mini-Feeder-Features.jpg 1500w\" sizes=\"auto, (max-width: 1300px) 100vw, 1300px\" \/>\t\t\t\t\t\t\t\t\t\t\t\t\t\t\t<\/div>\n\t\t\t\t<\/div>\n\t\t<a class=\"elementor-element elementor-element-638b46b2 e-con-full e-flex e-con e-child\" data-id=\"638b46b2\" data-element_type=\"container\" data-e-type=\"container\">\n\t\t\t\t<div class=\"elementor-element elementor-element-4cca5c77 elementor-widget elementor-widget-image\" data-id=\"4cca5c77\" data-element_type=\"widget\" data-e-type=\"widget\" data-widget_type=\"image.default\">\n\t\t\t\t<div class=\"elementor-widget-container\">\n\t\t\t\t\t\t\t\t\t\t\t\t\t\t\t<img loading=\"lazy\" decoding=\"async\" width=\"150\" height=\"150\" src=\"https:\/\/ferrore.com.tr\/wp-content\/uploads\/2024\/05\/pdf-icon-150x150.png\" class=\"attachment-thumbnail size-thumbnail wp-image-15786\" alt=\"\" srcset=\"https:\/\/ferrore.com.tr\/wp-content\/uploads\/2024\/05\/pdf-icon-150x150.png 150w, https:\/\/ferrore.com.tr\/wp-content\/uploads\/2024\/05\/pdf-icon-300x300.png 300w, https:\/\/ferrore.com.tr\/wp-content\/uploads\/2024\/05\/pdf-icon-800x800.png 800w, https:\/\/ferrore.com.tr\/wp-content\/uploads\/2024\/05\/pdf-icon-768x768.png 768w, https:\/\/ferrore.com.tr\/wp-content\/uploads\/2024\/05\/elementor\/thumbs\/pdf-icon-qnrpygnxvpgjle5ppjpkuc64rjd1xc670yl81hqoc0.png 120w, https:\/\/ferrore.com.tr\/wp-content\/uploads\/2024\/05\/pdf-icon.png 1024w\" sizes=\"auto, (max-width: 150px) 100vw, 150px\" \/>\t\t\t\t\t\t\t\t\t\t\t\t\t\t\t<\/div>\n\t\t\t\t<\/div>\n\t\t\t\t<div class=\"elementor-element elementor-element-692968b9 elementor-widget elementor-widget-wd_text_block\" data-id=\"692968b9\" data-element_type=\"widget\" data-e-type=\"widget\" data-widget_type=\"wd_text_block.default\">\n\t\t\t\t<div class=\"elementor-widget-container\">\n\t\t\t\t\t\t\t<div class=\"wd-text-block reset-last-child text-center\">\n\t\t\t\n\t\t\t<p>Click here to download product PDF file<\/p>\n\t\t\t\t\t<\/div>\n\t\t\t\t\t\t<\/div>\n\t\t\t\t<\/div>\n\t\t\t\t<\/a>\n\t\t\t\t<div class=\"elementor-element elementor-element-4a3412ed color-scheme-inherit text-left elementor-widget elementor-widget-text-editor\" data-id=\"4a3412ed\" data-element_type=\"widget\" data-e-type=\"widget\" data-widget_type=\"text-editor.default\">\n\t\t\t\t<div class=\"elementor-widget-container\">\n\t\t\t\t\t\t\t\t\t<h2><strong>Historical Development of Casting<\/strong><\/h2><p>Casting is a metal production method that has been used since ancient times when humanity began shaping metal. Over time, a series of innovations have been introduced to casting technology, increasing the variety of cast parts and metal alloys used.<\/p><h3><strong>Importance and Function of Feeders<\/strong><\/h3><p>Almost all casting metal alloys shrink as they solidify. When liquid metal solidifies, it forms a regular crystal structure, creating irregular solidification voids (shrinkages). Therefore, the use of feeder components, called feeders, which store liquid metal until the casting solidifies completely, is inevitable.<\/p><h3><strong>Design and Features of Feeders<\/strong><\/h3><p>After filling the liquid metal mold and solidification begins, the function of the feeders comes into play. The aim in feeder design is for the feeder to solidify last and to deliver liquid metal to all parts of the casting within its reach. Therefore, when selecting a feeder, it should be designed to fulfill its function in terms of shape, size, and connection parts to the casting.<\/p><h4><strong>Varieties of Feeder Systems<\/strong><\/h4><p>Depending on the production method and composition, feeder systems are divided into two types of preformed feeder systems: Feeder Sleeve Systems and Mini Feeder Systems. Preformed feeder sleeve systems, produced as particle-based high-density, generally consist of mini feeders. Mini feeder systems are a developed system consisting of a mini feeder and a breaker match to prevent solidification shrinkage.<\/p>\t\t\t\t\t\t\t\t<\/div>\n\t\t\t\t<\/div>\n\t\t\t\t<div class=\"elementor-element elementor-element-7469df1c elementor-widget elementor-widget-spacer\" data-id=\"7469df1c\" data-element_type=\"widget\" data-e-type=\"widget\" data-widget_type=\"spacer.default\">\n\t\t\t\t<div class=\"elementor-widget-container\">\n\t\t\t\t\t\t\t<div class=\"elementor-spacer\">\n\t\t\t<div class=\"elementor-spacer-inner\"><\/div>\n\t\t<\/div>\n\t\t\t\t\t\t<\/div>\n\t\t\t\t<\/div>\n\t\t<div class=\"elementor-element elementor-element-3696c569 e-con-full e-flex e-con e-child\" data-id=\"3696c569\" data-element_type=\"container\" data-e-type=\"container\">\n\t\t<div class=\"elementor-element elementor-element-331afb1 e-con-full e-flex e-con e-child\" data-id=\"331afb1\" data-element_type=\"container\" data-e-type=\"container\">\n\t\t\t\t<div class=\"elementor-element elementor-element-3931bc8c color-scheme-inherit text-left elementor-widget elementor-widget-text-editor\" data-id=\"3931bc8c\" data-element_type=\"widget\" data-e-type=\"widget\" data-widget_type=\"text-editor.default\">\n\t\t\t\t<div class=\"elementor-widget-container\">\n\t\t\t\t\t\t\t\t\t<h5><strong>Conclusion<\/strong><\/h5><p>For the correct application of feeder systems, it is important that dimension information such as module and volume is determined. Feeders play a critical role in the casting industry and are essential for producing high-quality cast parts. With advanced design and manufacturing techniques, the performance and efficiency of feeders are constantly increasing. This enhances the casting industry&#8217;s ability to produce more precise and higher quality parts and provides more reliable solutions in industrial applications. As a fundamental element of the casting process, feeder systems will continue to support progress in the industry.<\/p>\t\t\t\t\t\t\t\t<\/div>\n\t\t\t\t<\/div>\n\t\t\t\t<\/div>\n\t\t\t\t<\/div>\n\t\t\t\t<\/div>\n\t\t\t\t\t<\/div>\n\t\t\t\t<\/div>\n\t\t\t\t<\/div>\n\t\t","protected":false},"excerpt":{"rendered":"<p>T\u00dcM \u00dcR\u00dcNLER Cliquez ici pour t\u00e9l\u00e9charger le fichier PDF du produit D\u00e9veloppement historique de la fonderie La fonderie est une m\u00e9thode de production de m\u00e9tal qui<\/p>","protected":false},"author":1,"featured_media":0,"parent":0,"menu_order":0,"comment_status":"closed","ping_status":"closed","template":"elementor_theme","meta":{"_themeisle_gutenberg_block_has_review":false,"footnotes":""},"class_list":["post-15689","page","type-page","status-publish","hentry"],"yoast_head":"<!-- This site is optimized with the Yoast SEO plugin v27.1.1 - https:\/\/yoast.com\/product\/yoast-seo-wordpress\/ -->\n<title>Mini Feeder Features - FERRORE METALLURGY<\/title>\n<meta name=\"robots\" content=\"index, follow, max-snippet:-1, max-image-preview:large, max-video-preview:-1\" \/>\n<link rel=\"canonical\" href=\"https:\/\/ferrore.com.tr\/fr\/mini-feeder-features\/\" \/>\n<meta property=\"og:locale\" content=\"fr_FR\" \/>\n<meta property=\"og:type\" content=\"article\" \/>\n<meta property=\"og:title\" content=\"Mini Feeder Features - FERRORE METALLURGY\" \/>\n<meta property=\"og:description\" content=\"T\u00dcM \u00dcR\u00dcNLER Click here to download product PDF file Historical Development of Casting Casting is a metal production method that\" \/>\n<meta property=\"og:url\" content=\"https:\/\/ferrore.com.tr\/fr\/mini-feeder-features\/\" \/>\n<meta property=\"og:site_name\" content=\"FERRORE METALLURGY\" \/>\n<meta property=\"article:modified_time\" content=\"2024-05-07T14:28:05+00:00\" \/>\n<meta property=\"og:image\" content=\"https:\/\/ferrore.com.tr\/wp-content\/uploads\/2024\/05\/Mini-Feeder-Features-1300x491.jpg\" \/>\n<meta name=\"twitter:card\" content=\"summary_large_image\" \/>\n<meta name=\"twitter:label1\" content=\"Dur\u00e9e de lecture estim\u00e9e\" \/>\n\t<meta name=\"twitter:data1\" content=\"3 minutes\" \/>\n<script type=\"application\/ld+json\" class=\"yoast-schema-graph\">{\"@context\":\"https:\/\/schema.org\",\"@graph\":[{\"@type\":\"WebPage\",\"@id\":\"https:\/\/ferrore.com.tr\/mini-feeder-features\/\",\"url\":\"https:\/\/ferrore.com.tr\/mini-feeder-features\/\",\"name\":\"Mini Feeder Features - FERRORE METALLURGY\",\"isPartOf\":{\"@id\":\"https:\/\/ferrore.com.tr\/#website\"},\"primaryImageOfPage\":{\"@id\":\"https:\/\/ferrore.com.tr\/mini-feeder-features\/#primaryimage\"},\"image\":{\"@id\":\"https:\/\/ferrore.com.tr\/mini-feeder-features\/#primaryimage\"},\"thumbnailUrl\":\"https:\/\/ferrore.com.tr\/wp-content\/uploads\/2024\/05\/Mini-Feeder-Features-1300x491.jpg\",\"datePublished\":\"2024-05-06T11:47:48+00:00\",\"dateModified\":\"2024-05-07T14:28:05+00:00\",\"breadcrumb\":{\"@id\":\"https:\/\/ferrore.com.tr\/mini-feeder-features\/#breadcrumb\"},\"inLanguage\":\"fr-FR\",\"potentialAction\":[{\"@type\":\"ReadAction\",\"target\":[\"https:\/\/ferrore.com.tr\/mini-feeder-features\/\"]}]},{\"@type\":\"ImageObject\",\"inLanguage\":\"fr-FR\",\"@id\":\"https:\/\/ferrore.com.tr\/mini-feeder-features\/#primaryimage\",\"url\":\"https:\/\/ferrore.com.tr\/wp-content\/uploads\/2024\/05\/Mini-Feeder-Features-1300x491.jpg\",\"contentUrl\":\"https:\/\/ferrore.com.tr\/wp-content\/uploads\/2024\/05\/Mini-Feeder-Features-1300x491.jpg\"},{\"@type\":\"BreadcrumbList\",\"@id\":\"https:\/\/ferrore.com.tr\/mini-feeder-features\/#breadcrumb\",\"itemListElement\":[{\"@type\":\"ListItem\",\"position\":1,\"name\":\"Anasayfa\",\"item\":\"https:\/\/ferrore.com.tr\/\"},{\"@type\":\"ListItem\",\"position\":2,\"name\":\"Mini Feeder Features\"}]},{\"@type\":\"WebSite\",\"@id\":\"https:\/\/ferrore.com.tr\/#website\",\"url\":\"https:\/\/ferrore.com.tr\/\",\"name\":\"FERRORE METALLURGY\",\"description\":\"\",\"publisher\":{\"@id\":\"https:\/\/ferrore.com.tr\/#organization\"},\"potentialAction\":[{\"@type\":\"SearchAction\",\"target\":{\"@type\":\"EntryPoint\",\"urlTemplate\":\"https:\/\/ferrore.com.tr\/?s={search_term_string}\"},\"query-input\":{\"@type\":\"PropertyValueSpecification\",\"valueRequired\":true,\"valueName\":\"search_term_string\"}}],\"inLanguage\":\"fr-FR\"},{\"@type\":\"Organization\",\"@id\":\"https:\/\/ferrore.com.tr\/#organization\",\"name\":\"FERRORE METALLURGY\",\"url\":\"https:\/\/ferrore.com.tr\/\",\"logo\":{\"@type\":\"ImageObject\",\"inLanguage\":\"fr-FR\",\"@id\":\"https:\/\/ferrore.com.tr\/#\/schema\/logo\/image\/\",\"url\":\"https:\/\/ferrore.com.tr\/wp-content\/uploads\/2024\/05\/logo-orjinal.png\",\"contentUrl\":\"https:\/\/ferrore.com.tr\/wp-content\/uploads\/2024\/05\/logo-orjinal.png\",\"width\":1000,\"height\":307,\"caption\":\"FERRORE METALLURGY\"},\"image\":{\"@id\":\"https:\/\/ferrore.com.tr\/#\/schema\/logo\/image\/\"}}]}<\/script>\n<!-- \/ Yoast SEO plugin. -->","yoast_head_json":{"title":"Caract\u00e9ristiques du mini alimentateur - FERRORE METALLURGY","robots":{"index":"index","follow":"follow","max-snippet":"max-snippet:-1","max-image-preview":"max-image-preview:large","max-video-preview":"max-video-preview:-1"},"canonical":"https:\/\/ferrore.com.tr\/fr\/mini-feeder-features\/","og_locale":"fr_FR","og_type":"article","og_title":"Mini Feeder Features - FERRORE METALLURGY","og_description":"T\u00dcM \u00dcR\u00dcNLER Click here to download product PDF file Historical Development of Casting Casting is a metal production method that","og_url":"https:\/\/ferrore.com.tr\/fr\/mini-feeder-features\/","og_site_name":"FERRORE METALLURGY","article_modified_time":"2024-05-07T14:28:05+00:00","og_image":[{"url":"https:\/\/ferrore.com.tr\/wp-content\/uploads\/2024\/05\/Mini-Feeder-Features-1300x491.jpg","type":"","width":"","height":""}],"twitter_card":"summary_large_image","twitter_misc":{"Dur\u00e9e de lecture estim\u00e9e":"3 minutes"},"schema":{"@context":"https:\/\/schema.org","@graph":[{"@type":"WebPage","@id":"https:\/\/ferrore.com.tr\/mini-feeder-features\/","url":"https:\/\/ferrore.com.tr\/mini-feeder-features\/","name":"Caract\u00e9ristiques du mini alimentateur - FERRORE METALLURGY","isPartOf":{"@id":"https:\/\/ferrore.com.tr\/#website"},"primaryImageOfPage":{"@id":"https:\/\/ferrore.com.tr\/mini-feeder-features\/#primaryimage"},"image":{"@id":"https:\/\/ferrore.com.tr\/mini-feeder-features\/#primaryimage"},"thumbnailUrl":"https:\/\/ferrore.com.tr\/wp-content\/uploads\/2024\/05\/Mini-Feeder-Features-1300x491.jpg","datePublished":"2024-05-06T11:47:48+00:00","dateModified":"2024-05-07T14:28:05+00:00","breadcrumb":{"@id":"https:\/\/ferrore.com.tr\/mini-feeder-features\/#breadcrumb"},"inLanguage":"fr-FR","potentialAction":[{"@type":"ReadAction","target":["https:\/\/ferrore.com.tr\/mini-feeder-features\/"]}]},{"@type":"ImageObject","inLanguage":"fr-FR","@id":"https:\/\/ferrore.com.tr\/mini-feeder-features\/#primaryimage","url":"https:\/\/ferrore.com.tr\/wp-content\/uploads\/2024\/05\/Mini-Feeder-Features-1300x491.jpg","contentUrl":"https:\/\/ferrore.com.tr\/wp-content\/uploads\/2024\/05\/Mini-Feeder-Features-1300x491.jpg"},{"@type":"BreadcrumbList","@id":"https:\/\/ferrore.com.tr\/mini-feeder-features\/#breadcrumb","itemListElement":[{"@type":"ListItem","position":1,"name":"Anasayfa","item":"https:\/\/ferrore.com.tr\/"},{"@type":"ListItem","position":2,"name":"Mini Feeder Features"}]},{"@type":"WebSite","@id":"https:\/\/ferrore.com.tr\/#website","url":"https:\/\/ferrore.com.tr\/","name":"FERRORE M\u00c9TALLURGIE","description":"","publisher":{"@id":"https:\/\/ferrore.com.tr\/#organization"},"potentialAction":[{"@type":"SearchAction","target":{"@type":"EntryPoint","urlTemplate":"https:\/\/ferrore.com.tr\/?s={search_term_string}"},"query-input":{"@type":"PropertyValueSpecification","valueRequired":true,"valueName":"search_term_string"}}],"inLanguage":"fr-FR"},{"@type":"Organization","@id":"https:\/\/ferrore.com.tr\/#organization","name":"FERRORE M\u00c9TALLURGIE","url":"https:\/\/ferrore.com.tr\/","logo":{"@type":"ImageObject","inLanguage":"fr-FR","@id":"https:\/\/ferrore.com.tr\/#\/schema\/logo\/image\/","url":"https:\/\/ferrore.com.tr\/wp-content\/uploads\/2024\/05\/logo-orjinal.png","contentUrl":"https:\/\/ferrore.com.tr\/wp-content\/uploads\/2024\/05\/logo-orjinal.png","width":1000,"height":307,"caption":"FERRORE METALLURGY"},"image":{"@id":"https:\/\/ferrore.com.tr\/#\/schema\/logo\/image\/"}}]}},"_links":{"self":[{"href":"https:\/\/ferrore.com.tr\/fr\/wp-json\/wp\/v2\/pages\/15689","targetHints":{"allow":["GET"]}}],"collection":[{"href":"https:\/\/ferrore.com.tr\/fr\/wp-json\/wp\/v2\/pages"}],"about":[{"href":"https:\/\/ferrore.com.tr\/fr\/wp-json\/wp\/v2\/types\/page"}],"author":[{"embeddable":true,"href":"https:\/\/ferrore.com.tr\/fr\/wp-json\/wp\/v2\/users\/1"}],"replies":[{"embeddable":true,"href":"https:\/\/ferrore.com.tr\/fr\/wp-json\/wp\/v2\/comments?post=15689"}],"version-history":[{"count":13,"href":"https:\/\/ferrore.com.tr\/fr\/wp-json\/wp\/v2\/pages\/15689\/revisions"}],"predecessor-version":[{"id":16290,"href":"https:\/\/ferrore.com.tr\/fr\/wp-json\/wp\/v2\/pages\/15689\/revisions\/16290"}],"wp:attachment":[{"href":"https:\/\/ferrore.com.tr\/fr\/wp-json\/wp\/v2\/media?parent=15689"}],"curies":[{"name":"wp","href":"https:\/\/api.w.org\/{rel}","templated":true}]}}