{"id":16308,"date":"2026-03-02T12:15:35","date_gmt":"2026-03-02T09:15:35","guid":{"rendered":"https:\/\/ferrore.com.tr\/?page_id=16308"},"modified":"2026-03-04T06:45:03","modified_gmt":"2026-03-04T03:45:03","slug":"relined-lead","status":"publish","type":"page","link":"https:\/\/ferrore.com.tr\/fr\/relined-lead\/","title":{"rendered":"Plombage 99.985% PB minimum"},"content":{"rendered":"\t\t<div data-elementor-type=\"wp-page\" data-elementor-id=\"16308\" class=\"elementor elementor-16308\" data-elementor-post-type=\"page\">\n\t\t\t\t<div class=\"wd-negative-gap elementor-element elementor-element-1bcba9be e-flex e-con-boxed e-con e-parent\" data-id=\"1bcba9be\" data-element_type=\"container\" data-e-type=\"container\">\n\t\t\t\t\t<div class=\"e-con-inner\">\n\t\t<div class=\"elementor-element elementor-element-4d252c3c e-con-full elementor-hidden-tablet elementor-hidden-mobile e-flex e-con e-child\" data-id=\"4d252c3c\" data-element_type=\"container\" data-e-type=\"container\">\n\t\t\t\t<div class=\"elementor-element elementor-element-193baee1 elementor-widget elementor-widget-wd_text_block\" data-id=\"193baee1\" data-element_type=\"widget\" data-e-type=\"widget\" data-settings=\"{&quot;sticky&quot;:&quot;top&quot;,&quot;sticky_offset&quot;:70,&quot;sticky_on&quot;:[&quot;desktop&quot;,&quot;tablet&quot;,&quot;mobile&quot;],&quot;sticky_effects_offset&quot;:0,&quot;sticky_anchor_link_offset&quot;:0}\" data-widget_type=\"wd_text_block.default\">\n\t\t\t\t<div class=\"elementor-widget-container\">\n\t\t\t\t\t\t\t<div class=\"wd-text-block reset-last-child text-left color-title color-scheme-dark\">\n\t\t\t\n\t\t\t<p><strong>T\u00dcM \u00dcR\u00dcNLER<\/strong><\/p>\n\t\t\t\t\t<\/div>\n\t\t\t\t\t\t<\/div>\n\t\t\t\t<\/div>\n\t\t\t\t<div class=\"elementor-element elementor-element-104ce17f elementor-widget elementor-widget-shortcode\" data-id=\"104ce17f\" data-element_type=\"widget\" data-e-type=\"widget\" data-settings=\"{&quot;sticky&quot;:&quot;top&quot;,&quot;sticky_offset&quot;:120,&quot;sticky_on&quot;:[&quot;desktop&quot;,&quot;tablet&quot;,&quot;mobile&quot;],&quot;sticky_effects_offset&quot;:0,&quot;sticky_anchor_link_offset&quot;:0}\" data-widget_type=\"shortcode.default\">\n\t\t\t\t<div class=\"elementor-widget-container\">\n\t\t\t\t\t\t\t<div class=\"elementor-shortcode\">\t\t\t<link rel=\"stylesheet\" id=\"elementor-post-15500-css\" href=\"https:\/\/ferrore.com.tr\/wp-content\/uploads\/elementor\/css\/post-15500.css?ver=1774734333\" type=\"text\/css\" media=\"all\">\n\t\t\t\t\t<div data-elementor-type=\"wp-post\" data-elementor-id=\"15500\" class=\"elementor elementor-15500\" data-elementor-post-type=\"cms_block\">\n\t\t\t\t<div class=\"wd-negative-gap elementor-element elementor-element-3dd79d9 e-flex e-con-boxed e-con e-parent\" data-id=\"3dd79d9\" data-element_type=\"container\" data-e-type=\"container\">\n\t\t\t\t\t<div class=\"e-con-inner\">\n\t\t\t\t<div class=\"elementor-element elementor-element-14a3462 elementor-nav-menu--dropdown-tablet elementor-nav-menu__text-align-aside elementor-widget elementor-widget-nav-menu\" data-id=\"14a3462\" data-element_type=\"widget\" data-e-type=\"widget\" data-settings=\"{&quot;layout&quot;:&quot;vertical&quot;,&quot;submenu_icon&quot;:{&quot;value&quot;:&quot;&lt;svg aria-hidden=\\&quot;true\\&quot; class=\\&quot;e-font-icon-svg e-fas-caret-down\\&quot; viewBox=\\&quot;0 0 320 512\\&quot; xmlns=\\&quot;http:\\\/\\\/www.w3.org\\\/2000\\\/svg\\&quot;&gt;&lt;path d=\\&quot;M31.3 192h257.3c17.8 0 26.7 21.5 14.1 34.1L174.1 354.8c-7.8 7.8-20.5 7.8-28.3 0L17.2 226.1C4.6 213.5 13.5 192 31.3 192z\\&quot;&gt;&lt;\\\/path&gt;&lt;\\\/svg&gt;&quot;,&quot;library&quot;:&quot;fa-solid&quot;}}\" data-widget_type=\"nav-menu.default\">\n\t\t\t\t<div class=\"elementor-widget-container\">\n\t\t\t\t\t\t\t\t<nav aria-label=\"Menu\" class=\"elementor-nav-menu--main elementor-nav-menu__container elementor-nav-menu--layout-vertical e--pointer-background e--animation-fade\">\n\t\t\t\t<ul id=\"menu-1-14a3462\" class=\"elementor-nav-menu sm-vertical\"><li class=\"menu-item menu-item-type-post_type menu-item-object-page menu-item-15723\"><a href=\"https:\/\/ferrore.com.tr\/fr\/pig-irons\/\" class=\"elementor-item\">Pig Irons<\/a><\/li>\n<li class=\"menu-item menu-item-type-post_type menu-item-object-page menu-item-15715\"><a href=\"https:\/\/ferrore.com.tr\/fr\/aluminum-ingots\/\" class=\"elementor-item\">Aluminum Ingots<\/a><\/li>\n<li class=\"menu-item menu-item-type-post_type menu-item-object-page menu-item-15719\"><a href=\"https:\/\/ferrore.com.tr\/fr\/ferro-alloys\/\" class=\"elementor-item\">Ferro Alloys<\/a><\/li>\n<li class=\"menu-item menu-item-type-post_type menu-item-object-page menu-item-15716\"><a href=\"https:\/\/ferrore.com.tr\/fr\/carbon-products\/\" class=\"elementor-item\">Carbon Products<\/a><\/li>\n<li class=\"menu-item menu-item-type-post_type menu-item-object-page menu-item-15726\"><a href=\"https:\/\/ferrore.com.tr\/fr\/sand-blast-steel-shot\/\" class=\"elementor-item\">Sand Blast \/ Steel Shot<\/a><\/li>\n<li class=\"menu-item menu-item-type-post_type menu-item-object-page menu-item-15728\"><a href=\"https:\/\/ferrore.com.tr\/fr\/steel-products\/\" class=\"elementor-item\">Steel Products<\/a><\/li>\n<li class=\"menu-item menu-item-type-post_type menu-item-object-page menu-item-15720\"><a href=\"https:\/\/ferrore.com.tr\/fr\/foam-filters\/\" class=\"elementor-item\">Foam Filters<\/a><\/li>\n<li class=\"menu-item menu-item-type-post_type menu-item-object-page menu-item-15722\"><a href=\"https:\/\/ferrore.com.tr\/fr\/mini-feeder-features\/\" class=\"elementor-item\">Mini Feeder Features<\/a><\/li>\n<li class=\"menu-item menu-item-type-post_type menu-item-object-page menu-item-15725\"><a href=\"https:\/\/ferrore.com.tr\/fr\/resins\/\" class=\"elementor-item\">Resins<\/a><\/li>\n<li class=\"menu-item menu-item-type-post_type menu-item-object-page menu-item-15727\"><a href=\"https:\/\/ferrore.com.tr\/fr\/shell-sands\/\" class=\"elementor-item\">Shell Sands<\/a><\/li>\n<li class=\"menu-item menu-item-type-post_type menu-item-object-page menu-item-16317\"><a href=\"https:\/\/ferrore.com.tr\/fr\/relined-lead\/\" class=\"elementor-item\">Relined Lead 99.985% PB minimum<\/a><\/li>\n<\/ul>\t\t\t<\/nav>\n\t\t\t\t\t\t<nav class=\"elementor-nav-menu--dropdown elementor-nav-menu__container\" aria-hidden=\"true\">\n\t\t\t\t<ul id=\"menu-2-14a3462\" class=\"elementor-nav-menu sm-vertical\"><li class=\"menu-item menu-item-type-post_type menu-item-object-page menu-item-15723\"><a href=\"https:\/\/ferrore.com.tr\/fr\/pig-irons\/\" class=\"elementor-item\" tabindex=\"-1\">Pig Irons<\/a><\/li>\n<li class=\"menu-item menu-item-type-post_type menu-item-object-page menu-item-15715\"><a href=\"https:\/\/ferrore.com.tr\/fr\/aluminum-ingots\/\" class=\"elementor-item\" tabindex=\"-1\">Aluminum Ingots<\/a><\/li>\n<li class=\"menu-item menu-item-type-post_type menu-item-object-page menu-item-15719\"><a href=\"https:\/\/ferrore.com.tr\/fr\/ferro-alloys\/\" class=\"elementor-item\" tabindex=\"-1\">Ferro Alloys<\/a><\/li>\n<li class=\"menu-item menu-item-type-post_type menu-item-object-page menu-item-15716\"><a href=\"https:\/\/ferrore.com.tr\/fr\/carbon-products\/\" class=\"elementor-item\" tabindex=\"-1\">Carbon Products<\/a><\/li>\n<li class=\"menu-item menu-item-type-post_type menu-item-object-page menu-item-15726\"><a href=\"https:\/\/ferrore.com.tr\/fr\/sand-blast-steel-shot\/\" class=\"elementor-item\" tabindex=\"-1\">Sand Blast \/ Steel Shot<\/a><\/li>\n<li class=\"menu-item menu-item-type-post_type menu-item-object-page menu-item-15728\"><a href=\"https:\/\/ferrore.com.tr\/fr\/steel-products\/\" class=\"elementor-item\" tabindex=\"-1\">Steel Products<\/a><\/li>\n<li class=\"menu-item menu-item-type-post_type menu-item-object-page menu-item-15720\"><a href=\"https:\/\/ferrore.com.tr\/fr\/foam-filters\/\" class=\"elementor-item\" tabindex=\"-1\">Foam Filters<\/a><\/li>\n<li class=\"menu-item menu-item-type-post_type menu-item-object-page menu-item-15722\"><a href=\"https:\/\/ferrore.com.tr\/fr\/mini-feeder-features\/\" class=\"elementor-item\" tabindex=\"-1\">Mini Feeder Features<\/a><\/li>\n<li class=\"menu-item menu-item-type-post_type menu-item-object-page menu-item-15725\"><a href=\"https:\/\/ferrore.com.tr\/fr\/resins\/\" class=\"elementor-item\" tabindex=\"-1\">Resins<\/a><\/li>\n<li class=\"menu-item menu-item-type-post_type menu-item-object-page menu-item-15727\"><a href=\"https:\/\/ferrore.com.tr\/fr\/shell-sands\/\" class=\"elementor-item\" tabindex=\"-1\">Shell Sands<\/a><\/li>\n<li class=\"menu-item menu-item-type-post_type menu-item-object-page menu-item-16317\"><a href=\"https:\/\/ferrore.com.tr\/fr\/relined-lead\/\" class=\"elementor-item\" tabindex=\"-1\">Relined Lead 99.985% PB minimum<\/a><\/li>\n<\/ul>\t\t\t<\/nav>\n\t\t\t\t\t\t<\/div>\n\t\t\t\t<\/div>\n\t\t\t\t\t<\/div>\n\t\t\t\t<\/div>\n\t\t\t\t<\/div>\n\t\t<\/div>\n\t\t\t\t\t\t<\/div>\n\t\t\t\t<\/div>\n\t\t\t\t<\/div>\n\t\t<div class=\"elementor-element elementor-element-42e7d9f3 e-con-full e-flex e-con e-child\" data-id=\"42e7d9f3\" data-element_type=\"container\" data-e-type=\"container\">\n\t\t\t\t<div class=\"elementor-element elementor-element-611f827 elementor-widget elementor-widget-image\" data-id=\"611f827\" data-element_type=\"widget\" data-e-type=\"widget\" data-widget_type=\"image.default\">\n\t\t\t\t<div class=\"elementor-widget-container\">\n\t\t\t\t\t\t\t\t\t\t\t\t\t\t\t<img loading=\"lazy\" decoding=\"async\" width=\"1300\" height=\"491\" src=\"https:\/\/ferrore.com.tr\/wp-content\/uploads\/2026\/03\/Relined-Lead-1300x491.jpg\" class=\"attachment-large size-large wp-image-16312\" alt=\"\" srcset=\"https:\/\/ferrore.com.tr\/wp-content\/uploads\/2026\/03\/Relined-Lead-1300x491.jpg 1300w, https:\/\/ferrore.com.tr\/wp-content\/uploads\/2026\/03\/Relined-Lead-400x151.jpg 400w, https:\/\/ferrore.com.tr\/wp-content\/uploads\/2026\/03\/Relined-Lead-768x290.jpg 768w, https:\/\/ferrore.com.tr\/wp-content\/uploads\/2026\/03\/Relined-Lead-18x7.jpg 18w, https:\/\/ferrore.com.tr\/wp-content\/uploads\/2026\/03\/Relined-Lead.jpg 1500w\" sizes=\"auto, (max-width: 1300px) 100vw, 1300px\" \/>\t\t\t\t\t\t\t\t\t\t\t\t\t\t\t<\/div>\n\t\t\t\t<\/div>\n\t\t<a class=\"elementor-element elementor-element-5d8a8c68 e-con-full e-flex e-con e-child\" data-id=\"5d8a8c68\" data-element_type=\"container\" data-e-type=\"container\">\n\t\t\t\t<div class=\"elementor-element elementor-element-4220a39d elementor-widget elementor-widget-image\" data-id=\"4220a39d\" data-element_type=\"widget\" data-e-type=\"widget\" data-widget_type=\"image.default\">\n\t\t\t\t<div class=\"elementor-widget-container\">\n\t\t\t\t\t\t\t\t\t\t\t\t\t\t\t<img loading=\"lazy\" decoding=\"async\" width=\"150\" height=\"150\" src=\"https:\/\/ferrore.com.tr\/wp-content\/uploads\/2024\/05\/pdf-icon-150x150.png\" class=\"attachment-thumbnail size-thumbnail wp-image-15786\" alt=\"\" srcset=\"https:\/\/ferrore.com.tr\/wp-content\/uploads\/2024\/05\/pdf-icon-150x150.png 150w, https:\/\/ferrore.com.tr\/wp-content\/uploads\/2024\/05\/pdf-icon-300x300.png 300w, https:\/\/ferrore.com.tr\/wp-content\/uploads\/2024\/05\/pdf-icon-800x800.png 800w, https:\/\/ferrore.com.tr\/wp-content\/uploads\/2024\/05\/pdf-icon-768x768.png 768w, https:\/\/ferrore.com.tr\/wp-content\/uploads\/2024\/05\/elementor\/thumbs\/pdf-icon-qnrpygnxvpgjle5ppjpkuc64rjd1xc670yl81hqoc0.png 120w, https:\/\/ferrore.com.tr\/wp-content\/uploads\/2024\/05\/pdf-icon.png 1024w\" sizes=\"auto, (max-width: 150px) 100vw, 150px\" \/>\t\t\t\t\t\t\t\t\t\t\t\t\t\t\t<\/div>\n\t\t\t\t<\/div>\n\t\t\t\t<div class=\"elementor-element elementor-element-649833c2 elementor-widget elementor-widget-wd_text_block\" data-id=\"649833c2\" data-element_type=\"widget\" data-e-type=\"widget\" data-widget_type=\"wd_text_block.default\">\n\t\t\t\t<div class=\"elementor-widget-container\">\n\t\t\t\t\t\t\t<div class=\"wd-text-block reset-last-child text-center\">\n\t\t\t\n\t\t\t<p>Click here to download product PDF file<\/p>\n\t\t\t\t\t<\/div>\n\t\t\t\t\t\t<\/div>\n\t\t\t\t<\/div>\n\t\t\t\t<\/a>\n\t\t\t\t<div class=\"elementor-element elementor-element-43ec29c2 elementor-widget elementor-widget-spacer\" data-id=\"43ec29c2\" data-element_type=\"widget\" data-e-type=\"widget\" data-widget_type=\"spacer.default\">\n\t\t\t\t<div class=\"elementor-widget-container\">\n\t\t\t\t\t\t\t<div class=\"elementor-spacer\">\n\t\t\t<div class=\"elementor-spacer-inner\"><\/div>\n\t\t<\/div>\n\t\t\t\t\t\t<\/div>\n\t\t\t\t<\/div>\n\t\t<div class=\"elementor-element elementor-element-457105ee e-con-full e-flex e-con e-child\" data-id=\"457105ee\" data-element_type=\"container\" data-e-type=\"container\">\n\t\t<div class=\"elementor-element elementor-element-359c6155 e-con-full e-flex e-con e-child\" data-id=\"359c6155\" data-element_type=\"container\" data-e-type=\"container\">\n\t\t\t\t<\/div>\n\t\t\t\t<\/div>\n\t\t\t\t<div class=\"elementor-element elementor-element-420f97ec color-scheme-inherit text-left elementor-widget elementor-widget-text-editor\" data-id=\"420f97ec\" data-element_type=\"widget\" data-e-type=\"widget\" data-widget_type=\"text-editor.default\">\n\t\t\t\t<div class=\"elementor-widget-container\">\n\t\t\t\t\t\t\t\t\t<h1 class=\"title effect-static-text aos-init aos-animate\" data-aos=\"zoom-out-up\" data-aos-delay=\"400\">Relined Lead 99.985% PB minimum<\/h1>\n<nav class=\"aos-init aos-animate\" data-aos=\"zoom-out-up\" data-aos-delay=\"800\" aria-label=\"breadcrumb\"><\/nav>\n<ul style=\"margin-bottom: 0px; padding-left: 20px; font-size: 16px; color: #6f6f6f; font-family: Poppins, sans-serif; font-style: normal; font-variant-ligatures: normal; font-variant-caps: normal; font-weight: 400; text-align: left;\">\n<li style=\"margin-top: 0.5rem; margin-bottom: 0.5rem; font-size: 1rem; font-weight: 400; line-height: 1.5;\">Alloyed lead can be produced with the desired chemical properties.<\/li>\n<li style=\"margin-top: 0.5rem; margin-bottom: 0.5rem; font-size: 1rem; font-weight: 400; line-height: 1.5;\">Antimonial lead production can be produced in the range desired by the customers.<\/li>\n<\/ul>\n<p>\u00a0<\/p>\t\t\t\t\t\t\t\t<\/div>\n\t\t\t\t<\/div>\n\t\t\t\t<\/div>\n\t\t\t\t\t<\/div>\n\t\t\t\t<\/div>\n\t\t\t\t<\/div>\n\t\t","protected":false},"excerpt":{"rendered":"<p>T\u00dcM \u00dcR\u00dcNLER Cliquez ici pour t\u00e9l\u00e9charger le fichier PDF du produit Plomb recharg\u00e9 99.985% PB minimum Le plomb alli\u00e9 peut \u00eatre produit avec<\/p>","protected":false},"author":1,"featured_media":0,"parent":0,"menu_order":0,"comment_status":"closed","ping_status":"closed","template":"elementor_theme","meta":{"_themeisle_gutenberg_block_has_review":false,"footnotes":""},"class_list":["post-16308","page","type-page","status-publish","hentry"],"yoast_head":"<!-- This site is optimized with the Yoast SEO plugin v27.1.1 - https:\/\/yoast.com\/product\/yoast-seo-wordpress\/ -->\n<title>Relined Lead 99.985% PB minimum - FERRORE METALLURGY<\/title>\n<meta name=\"robots\" content=\"index, follow, max-snippet:-1, max-image-preview:large, max-video-preview:-1\" \/>\n<link rel=\"canonical\" href=\"https:\/\/ferrore.com.tr\/fr\/relined-lead\/\" \/>\n<meta property=\"og:locale\" content=\"fr_FR\" \/>\n<meta property=\"og:type\" content=\"article\" \/>\n<meta property=\"og:title\" content=\"Relined Lead 99.985% PB minimum - FERRORE METALLURGY\" \/>\n<meta property=\"og:description\" content=\"T\u00dcM \u00dcR\u00dcNLER Click here to download product PDF file Relined Lead 99.985% PB minimum Alloyed lead can be produced with\" \/>\n<meta property=\"og:url\" content=\"https:\/\/ferrore.com.tr\/fr\/relined-lead\/\" \/>\n<meta property=\"og:site_name\" content=\"FERRORE METALLURGY\" \/>\n<meta property=\"article:modified_time\" content=\"2026-03-04T03:45:03+00:00\" \/>\n<meta property=\"og:image\" content=\"https:\/\/ferrore.com.tr\/wp-content\/uploads\/2026\/03\/Relined-Lead.jpg\" \/>\n\t<meta property=\"og:image:width\" content=\"1500\" \/>\n\t<meta property=\"og:image:height\" content=\"567\" \/>\n\t<meta property=\"og:image:type\" content=\"image\/jpeg\" \/>\n<meta name=\"twitter:card\" content=\"summary_large_image\" \/>\n<meta name=\"twitter:label1\" content=\"Dur\u00e9e de lecture estim\u00e9e\" \/>\n\t<meta name=\"twitter:data1\" content=\"1 minute\" \/>\n<script type=\"application\/ld+json\" class=\"yoast-schema-graph\">{\"@context\":\"https:\/\/schema.org\",\"@graph\":[{\"@type\":\"WebPage\",\"@id\":\"https:\/\/ferrore.com.tr\/relined-lead\/\",\"url\":\"https:\/\/ferrore.com.tr\/relined-lead\/\",\"name\":\"Relined Lead 99.985% PB minimum - FERRORE METALLURGY\",\"isPartOf\":{\"@id\":\"https:\/\/ferrore.com.tr\/#website\"},\"primaryImageOfPage\":{\"@id\":\"https:\/\/ferrore.com.tr\/relined-lead\/#primaryimage\"},\"image\":{\"@id\":\"https:\/\/ferrore.com.tr\/relined-lead\/#primaryimage\"},\"thumbnailUrl\":\"https:\/\/ferrore.com.tr\/wp-content\/uploads\/2026\/03\/Relined-Lead-1300x491.jpg\",\"datePublished\":\"2026-03-02T09:15:35+00:00\",\"dateModified\":\"2026-03-04T03:45:03+00:00\",\"breadcrumb\":{\"@id\":\"https:\/\/ferrore.com.tr\/relined-lead\/#breadcrumb\"},\"inLanguage\":\"fr-FR\",\"potentialAction\":[{\"@type\":\"ReadAction\",\"target\":[\"https:\/\/ferrore.com.tr\/relined-lead\/\"]}]},{\"@type\":\"ImageObject\",\"inLanguage\":\"fr-FR\",\"@id\":\"https:\/\/ferrore.com.tr\/relined-lead\/#primaryimage\",\"url\":\"https:\/\/ferrore.com.tr\/wp-content\/uploads\/2026\/03\/Relined-Lead-1300x491.jpg\",\"contentUrl\":\"https:\/\/ferrore.com.tr\/wp-content\/uploads\/2026\/03\/Relined-Lead-1300x491.jpg\"},{\"@type\":\"BreadcrumbList\",\"@id\":\"https:\/\/ferrore.com.tr\/relined-lead\/#breadcrumb\",\"itemListElement\":[{\"@type\":\"ListItem\",\"position\":1,\"name\":\"Anasayfa\",\"item\":\"https:\/\/ferrore.com.tr\/\"},{\"@type\":\"ListItem\",\"position\":2,\"name\":\"Relined Lead 99.985% PB minimum\"}]},{\"@type\":\"WebSite\",\"@id\":\"https:\/\/ferrore.com.tr\/#website\",\"url\":\"https:\/\/ferrore.com.tr\/\",\"name\":\"FERRORE METALLURGY\",\"description\":\"\",\"publisher\":{\"@id\":\"https:\/\/ferrore.com.tr\/#organization\"},\"potentialAction\":[{\"@type\":\"SearchAction\",\"target\":{\"@type\":\"EntryPoint\",\"urlTemplate\":\"https:\/\/ferrore.com.tr\/?s={search_term_string}\"},\"query-input\":{\"@type\":\"PropertyValueSpecification\",\"valueRequired\":true,\"valueName\":\"search_term_string\"}}],\"inLanguage\":\"fr-FR\"},{\"@type\":\"Organization\",\"@id\":\"https:\/\/ferrore.com.tr\/#organization\",\"name\":\"FERRORE METALLURGY\",\"url\":\"https:\/\/ferrore.com.tr\/\",\"logo\":{\"@type\":\"ImageObject\",\"inLanguage\":\"fr-FR\",\"@id\":\"https:\/\/ferrore.com.tr\/#\/schema\/logo\/image\/\",\"url\":\"https:\/\/ferrore.com.tr\/wp-content\/uploads\/2024\/05\/logo-orjinal.png\",\"contentUrl\":\"https:\/\/ferrore.com.tr\/wp-content\/uploads\/2024\/05\/logo-orjinal.png\",\"width\":1000,\"height\":307,\"caption\":\"FERRORE METALLURGY\"},\"image\":{\"@id\":\"https:\/\/ferrore.com.tr\/#\/schema\/logo\/image\/\"}}]}<\/script>\n<!-- \/ Yoast SEO plugin. -->","yoast_head_json":{"title":"Plombage 99.985% PB minimum - FERRORE METALLURGY","robots":{"index":"index","follow":"follow","max-snippet":"max-snippet:-1","max-image-preview":"max-image-preview:large","max-video-preview":"max-video-preview:-1"},"canonical":"https:\/\/ferrore.com.tr\/fr\/relined-lead\/","og_locale":"fr_FR","og_type":"article","og_title":"Relined Lead 99.985% PB minimum - FERRORE METALLURGY","og_description":"T\u00dcM \u00dcR\u00dcNLER Click here to download product PDF file Relined Lead 99.985% PB minimum Alloyed lead can be produced with","og_url":"https:\/\/ferrore.com.tr\/fr\/relined-lead\/","og_site_name":"FERRORE METALLURGY","article_modified_time":"2026-03-04T03:45:03+00:00","og_image":[{"width":1500,"height":567,"url":"https:\/\/ferrore.com.tr\/wp-content\/uploads\/2026\/03\/Relined-Lead.jpg","type":"image\/jpeg"}],"twitter_card":"summary_large_image","twitter_misc":{"Dur\u00e9e de lecture estim\u00e9e":"1 minute"},"schema":{"@context":"https:\/\/schema.org","@graph":[{"@type":"WebPage","@id":"https:\/\/ferrore.com.tr\/relined-lead\/","url":"https:\/\/ferrore.com.tr\/relined-lead\/","name":"Plombage 99.985% PB minimum - FERRORE METALLURGY","isPartOf":{"@id":"https:\/\/ferrore.com.tr\/#website"},"primaryImageOfPage":{"@id":"https:\/\/ferrore.com.tr\/relined-lead\/#primaryimage"},"image":{"@id":"https:\/\/ferrore.com.tr\/relined-lead\/#primaryimage"},"thumbnailUrl":"https:\/\/ferrore.com.tr\/wp-content\/uploads\/2026\/03\/Relined-Lead-1300x491.jpg","datePublished":"2026-03-02T09:15:35+00:00","dateModified":"2026-03-04T03:45:03+00:00","breadcrumb":{"@id":"https:\/\/ferrore.com.tr\/relined-lead\/#breadcrumb"},"inLanguage":"fr-FR","potentialAction":[{"@type":"ReadAction","target":["https:\/\/ferrore.com.tr\/relined-lead\/"]}]},{"@type":"ImageObject","inLanguage":"fr-FR","@id":"https:\/\/ferrore.com.tr\/relined-lead\/#primaryimage","url":"https:\/\/ferrore.com.tr\/wp-content\/uploads\/2026\/03\/Relined-Lead-1300x491.jpg","contentUrl":"https:\/\/ferrore.com.tr\/wp-content\/uploads\/2026\/03\/Relined-Lead-1300x491.jpg"},{"@type":"BreadcrumbList","@id":"https:\/\/ferrore.com.tr\/relined-lead\/#breadcrumb","itemListElement":[{"@type":"ListItem","position":1,"name":"Anasayfa","item":"https:\/\/ferrore.com.tr\/"},{"@type":"ListItem","position":2,"name":"Relined Lead 99.985% PB minimum"}]},{"@type":"WebSite","@id":"https:\/\/ferrore.com.tr\/#website","url":"https:\/\/ferrore.com.tr\/","name":"FERRORE M\u00c9TALLURGIE","description":"","publisher":{"@id":"https:\/\/ferrore.com.tr\/#organization"},"potentialAction":[{"@type":"SearchAction","target":{"@type":"EntryPoint","urlTemplate":"https:\/\/ferrore.com.tr\/?s={search_term_string}"},"query-input":{"@type":"PropertyValueSpecification","valueRequired":true,"valueName":"search_term_string"}}],"inLanguage":"fr-FR"},{"@type":"Organization","@id":"https:\/\/ferrore.com.tr\/#organization","name":"FERRORE M\u00c9TALLURGIE","url":"https:\/\/ferrore.com.tr\/","logo":{"@type":"ImageObject","inLanguage":"fr-FR","@id":"https:\/\/ferrore.com.tr\/#\/schema\/logo\/image\/","url":"https:\/\/ferrore.com.tr\/wp-content\/uploads\/2024\/05\/logo-orjinal.png","contentUrl":"https:\/\/ferrore.com.tr\/wp-content\/uploads\/2024\/05\/logo-orjinal.png","width":1000,"height":307,"caption":"FERRORE METALLURGY"},"image":{"@id":"https:\/\/ferrore.com.tr\/#\/schema\/logo\/image\/"}}]}},"_links":{"self":[{"href":"https:\/\/ferrore.com.tr\/fr\/wp-json\/wp\/v2\/pages\/16308","targetHints":{"allow":["GET"]}}],"collection":[{"href":"https:\/\/ferrore.com.tr\/fr\/wp-json\/wp\/v2\/pages"}],"about":[{"href":"https:\/\/ferrore.com.tr\/fr\/wp-json\/wp\/v2\/types\/page"}],"author":[{"embeddable":true,"href":"https:\/\/ferrore.com.tr\/fr\/wp-json\/wp\/v2\/users\/1"}],"replies":[{"embeddable":true,"href":"https:\/\/ferrore.com.tr\/fr\/wp-json\/wp\/v2\/comments?post=16308"}],"version-history":[{"count":10,"href":"https:\/\/ferrore.com.tr\/fr\/wp-json\/wp\/v2\/pages\/16308\/revisions"}],"predecessor-version":[{"id":16323,"href":"https:\/\/ferrore.com.tr\/fr\/wp-json\/wp\/v2\/pages\/16308\/revisions\/16323"}],"wp:attachment":[{"href":"https:\/\/ferrore.com.tr\/fr\/wp-json\/wp\/v2\/media?parent=16308"}],"curies":[{"name":"wp","href":"https:\/\/api.w.org\/{rel}","templated":true}]}}